{"id":1817,"date":"2020-09-14T12:43:10","date_gmt":"2020-09-14T12:43:10","guid":{"rendered":"https:\/\/pharos95.hu\/regios-tamogatasok\/"},"modified":"2020-11-26T10:42:42","modified_gmt":"2020-11-26T09:42:42","slug":"regional-sponsorship","status":"publish","type":"page","link":"https:\/\/pharos95.hu\/en\/regional-sponsorship\/","title":{"rendered":"Regional sponsorship"},"content":{"rendered":"<div id='full_slider_1'  class='avia-fullwidth-slider main_color avia-shadow   avia-builder-el-0  el_before_av_section  avia-builder-el-first   container_wrap fullsize'  ><div   data-size='featured'  data-lightbox_size='large'  data-animation='slide'  data-conditional_play=''  data-ids='1249'  data-video_counter='0'  data-autoplay='false'  data-bg_slider='false'  data-slide_height=''  data-handle='av_slideshow_full'  data-interval='5'  data-class=' '  data-el_id=''  data-css_id=''  data-scroll_down=''  data-control_layout='av-control-default'  data-custom_markup=''  data-perma_caption=''  data-autoplay_stopper=''  data-image_attachment=''  data-min_height='0px'  data-lazy_loading='disabled'  data-src=''  data-position='bottom right'  data-repeat='no-repeat'  data-attach='scroll'  data-stretch=''  data-img_scrset=''  data-default-height='28.666666666667'  class='avia-slideshow avia-slideshow-1  av-control-default av-default-height-applied avia-slideshow-featured av_slideshow_full   avia-slide-slider '  itemprop=\"image\" itemscope=\"itemscope\" itemtype=\"https:\/\/schema.org\/ImageObject\" ><ul class='avia-slideshow-inner ' style='padding-bottom: 28.666666666667%;' ><li  class=' av-single-slide slide-1 ' ><div data-rel='slideshow-1' class='avia-slide-wrap '   ><div class = \"caption_fullwidth av-slideshow-caption caption_center\"><div class = \"container caption_container\"><div class = \"slideshow_caption\"><div class = \"slideshow_inner_caption\"><div class = \"slideshow_align_caption\"><h1  style='font-size:50px; color:#ffffff; ' class='avia-caption-title   av-mini-font-size-overwrite av-mini-font-size-30'  itemprop=\"name\" >Regional sponsorship<span style=\"color: 77b62f;\">.<\/span><br \/><\/h1><\/div><\/div><\/div><\/div><\/div><img decoding=\"async\" class=\"wp-image-1661 avia-img-lazy-loading-not-1661\"  src=\"https:\/\/pharos95.hu\/wp-content\/uploads\/2020\/10\/regiostamgotasok-1500x430.jpg\" width=\"1500\" height=\"430\" title='' alt='Ballons'  itemprop=\"thumbnailUrl\"   \/><\/div><\/li><\/ul><\/div><\/div>\n<div id='av_section_1'  class='avia-section av-e9tj4-be2512a9a6d64966f1d7b728327f1077 main_color avia-section-default avia-no-border-styling  avia-builder-el-1  el_after_av_slideshow_full  avia-builder-el-last  avia-bg-style-scroll container_wrap fullsize'  ><div class='container av-section-cont-open' ><div class='template-page content  av-content-full alpha units'><div class='post-entry post-entry-type-page post-entry-1817'><div class='entry-content-wrapper clearfix'>\n\n<style type=\"text\/css\" data-created_by=\"avia_inline_auto\" id=\"style-css-av-6yjwo-6c10110c55d052be3ab9aa7f1438ce3e\">\n.flex_column.av-6yjwo-6c10110c55d052be3ab9aa7f1438ce3e{\nborder-radius:0px 0px 0px 0px;\n-webkit-border-radius:0px 0px 0px 0px;\n-moz-border-radius:0px 0px 0px 0px;\n}\n<\/style>\n<div class='flex_column av-6yjwo-6c10110c55d052be3ab9aa7f1438ce3e av_one_full  avia-builder-el-2  el_before_av_one_half  avia-builder-el-first  first flex_column_div av-zero-column-padding '   ><p>\n<style type=\"text\/css\" data-created_by=\"avia_inline_auto\" id=\"style-css-av-khxf9663-5ea3b0ed7ddc1d95e3dc6485abc8d712\">\n#top .av-special-heading.av-khxf9663-5ea3b0ed7ddc1d95e3dc6485abc8d712{\npadding-bottom:10px;\nfont-size:30px;\n}\nbody .av-special-heading.av-khxf9663-5ea3b0ed7ddc1d95e3dc6485abc8d712 .av-special-heading-tag .heading-char{\nfont-size:25px;\n}\n#top #wrap_all .av-special-heading.av-khxf9663-5ea3b0ed7ddc1d95e3dc6485abc8d712 .av-special-heading-tag{\nfont-size:30px;\n}\n.av-special-heading.av-khxf9663-5ea3b0ed7ddc1d95e3dc6485abc8d712 .av-subheading{\nfont-size:15px;\n}\n<\/style>\n<div  class='av-special-heading av-khxf9663-5ea3b0ed7ddc1d95e3dc6485abc8d712 av-special-heading-h3 blockquote modern-quote modern-centered  avia-builder-el-3  el_before_av_hr  avia-builder-el-first  av-thin-font av-inherit-size'><h3 class='av-special-heading-tag'  itemprop=\"headline\"  ><strong>\u2018National Association for Smile\u2019 Public Benefit Association<\/strong><\/h3><div class=\"special-heading-border\"><div class=\"special-heading-inner-border\"><\/div><\/div><\/div><br \/>\n\n<style type=\"text\/css\" data-created_by=\"avia_inline_auto\" id=\"style-css-av-kdu3lmk4-79466042f19430c77ceed60105a20f0f\">\n#top .hr.av-kdu3lmk4-79466042f19430c77ceed60105a20f0f{\nmargin-top:5px;\nmargin-bottom:0px;\n}\n.hr.av-kdu3lmk4-79466042f19430c77ceed60105a20f0f .hr-inner{\nwidth:75px;\nborder-color:#77b62f;\n}\n<\/style>\n<div  class='hr av-kdu3lmk4-79466042f19430c77ceed60105a20f0f hr-custom  avia-builder-el-4  el_after_av_heading  avia-builder-el-last  hr-center hr-icon-no'><span class='hr-inner inner-border-av-border-thin'><span class=\"hr-inner-style\"><\/span><\/span><\/div><\/p><\/div><div class='flex_column_table av-ew6bc-c1b8bff172f0e10ab7f924c68b4caac7 sc-av_one_half av-equal-height-column-flextable'>\n<style type=\"text\/css\" data-created_by=\"avia_inline_auto\" id=\"style-css-av-ew6bc-c1b8bff172f0e10ab7f924c68b4caac7\">\n.flex_column.av-ew6bc-c1b8bff172f0e10ab7f924c68b4caac7{\nborder-radius:0px 0px 0px 0px;\n-webkit-border-radius:0px 0px 0px 0px;\n-moz-border-radius:0px 0px 0px 0px;\n}\n<\/style>\n<div class='flex_column av-ew6bc-c1b8bff172f0e10ab7f924c68b4caac7 av_one_half  avia-builder-el-5  el_after_av_one_full  el_before_av_one_half  first flex_column_table_cell av-equal-height-column av-align-middle av-zero-column-padding column-top-margin'   ><section  class='av_textblock_section av-kghuud81-b42b4f33aee5a171d085ebb0dcde4587'  itemscope=\"itemscope\" itemtype=\"https:\/\/schema.org\/CreativeWork\" ><div class='avia_textblock'  itemprop=\"text\" ><p>The welfare of our environment and the development of our region are key considerations<strong> for Pharos 95.<\/strong> Accordingly, we sponsor the upkeep of the <strong>National Association for Smile<\/strong>.<\/p>\n<p>This organisation was founded and began its operation at the beginning of 2005. Its primary goal is to assist children suffering from incurable diseases, as well as certain county hospitals, ambulance stations, and other healthcare and social institutions.<\/p>\n<\/div><\/section><\/div><div class='av-flex-placeholder'><\/div>\n<style type=\"text\/css\" data-created_by=\"avia_inline_auto\" id=\"style-css-av-9i7ag-550105db269e464ec7af8554b5513390\">\n.flex_column.av-9i7ag-550105db269e464ec7af8554b5513390{\nborder-radius:0px 0px 0px 0px;\n-webkit-border-radius:0px 0px 0px 0px;\n-moz-border-radius:0px 0px 0px 0px;\n}\n<\/style>\n<div class='flex_column av-9i7ag-550105db269e464ec7af8554b5513390 av_one_half  avia-builder-el-7  el_after_av_one_half  el_before_av_one_full  flex_column_table_cell av-equal-height-column av-align-middle av-zero-column-padding column-top-margin'   ><style type=\"text\/css\" data-created_by=\"avia_inline_auto\" id=\"style-css-av-kgtaxx36-dd6189de0dd3e39673f4e9d0463884ec\">\n.avia-image-container.av-kgtaxx36-dd6189de0dd3e39673f4e9d0463884ec .av-image-caption-overlay-center{\ncolor:#ffffff;\n}\n<\/style>\n<div  class='avia-image-container av-kgtaxx36-dd6189de0dd3e39673f4e9d0463884ec av-styling- avia-align-right  avia-builder-el-8  avia-builder-el-no-sibling '  itemprop=\"image\" itemscope=\"itemscope\" itemtype=\"https:\/\/schema.org\/ImageObject\" ><div class=\"avia-image-container-inner\"><div class=\"avia-image-overlay-wrap\"><img decoding=\"async\" class='wp-image-1660 avia-img-lazy-loading-not-1660 avia_image' src=\"https:\/\/pharos95.hu\/wp-content\/uploads\/2020\/10\/orszagos_egyesulet_mosolyert-1.jpg\" alt='Smile' title=''  height=\"294\" width=\"500\"  itemprop=\"thumbnailUrl\" srcset=\"https:\/\/pharos95.hu\/wp-content\/uploads\/2020\/10\/orszagos_egyesulet_mosolyert-1.jpg 500w, https:\/\/pharos95.hu\/wp-content\/uploads\/2020\/10\/orszagos_egyesulet_mosolyert-1-300x176.jpg 300w\" sizes=\"(max-width: 500px) 100vw, 500px\" \/><\/div><\/div><\/div><\/div><\/div><!--close column table wrapper. Autoclose: 1 -->\n<style type=\"text\/css\" data-created_by=\"avia_inline_auto\" id=\"style-css-av-amv0w-4bfad38d55697921fc53788a77552fa8\">\n.flex_column.av-amv0w-4bfad38d55697921fc53788a77552fa8{\nborder-radius:0px 0px 0px 0px;\n-webkit-border-radius:0px 0px 0px 0px;\n-moz-border-radius:0px 0px 0px 0px;\n}\n<\/style>\n<div class='flex_column av-amv0w-4bfad38d55697921fc53788a77552fa8 av_one_full  avia-builder-el-9  el_after_av_one_half  avia-builder-el-last  first flex_column_div av-zero-column-padding column-top-margin'   ><p><section  class='av_textblock_section av-kghuud81-b42b4f33aee5a171d085ebb0dcde4587'  itemscope=\"itemscope\" itemtype=\"https:\/\/schema.org\/CreativeWork\" ><div class='avia_textblock'  itemprop=\"text\" ><p>Its activities include caring for sick children in their homes and buying the medical equipment they require, financing life-saving operations, supporting the wards of certain healthcare facilities, and replacing obsolete or missing equipment of certain ambulance stations.<\/p>\n<p>Each year, the National Association for Smile Public Benefit Association organises <strong>SMILE CAMP<\/strong>. The camp has been attended for many years by the children of families enjoying the support of the National Association for Smile. The camp is a continuation of the activities which institutions operate as daily programmes during the academic year. Primary school students aged 6-14 from various counties in Hungary take part in the camp, under the guidance of camp leader educators and staff providing thematic activities.<\/p>\n<p><em>\u201cWe are very happy that we were once again able to organise Smile Camp. Our positive experiences from the activities have spurred us to organise the camp this year, as well. We have always endeavoured to provide a programme as colourful and diverse as possible, in order to bring joy to the children. At the one-week camp we organised activities aimed at improving a wide range of their skills, environmental protection, poetry recitals, theatre and drama, sports, and lots of physical activity, good cheer and joy.\u201d<\/em><\/p>\n<p>The goal of the one-week programme is <strong>to bring as much happiness, joy, good cheer, and smiles<\/strong> into the life of children as possible, already before the start of the school year, and to provide great new experiences <strong>for the youngest generation.<\/strong><\/p>\n<\/div><\/section><br \/>\n<div  class='avia-button-wrap avia-button-left  avia-builder-el-11  el_after_av_textblock  avia-builder-el-last ' ><a href='https:\/\/mosolyert.hu\/' class='avia-button av-kghuvtdc-5747e8e11453ec45c909b077115fc97e avia-icon_select-yes-right-icon avia-size-medium avia-position-left avia-color-theme-color' target=\"_blank\" rel=\"noopener noreferrer\"><span class='avia_iconbox_title' >To the website of mosoly\u00e9rt.hu<\/span><span class='avia_button_icon avia_button_icon_right' aria-hidden='true' data-av_icon='\ue875' data-av_iconfont='entypo-fontello'><\/span><\/a><\/div><\/p><\/div>\n","protected":false},"excerpt":{"rendered":"","protected":false},"author":1,"featured_media":0,"parent":0,"menu_order":0,"comment_status":"closed","ping_status":"closed","template":"","meta":{"footnotes":""},"class_list":["post-1817","page","type-page","status-publish","hentry"],"yoast_head":"<!-- This site is optimized with the Yoast SEO plugin v24.6 - https:\/\/yoast.com\/wordpress\/plugins\/seo\/ -->\n<title>Regional sponsorship - Pharos95<\/title>\n<meta name=\"description\" content=\"The welfare of our environment and the development of our region are key considerations for Pharos 95. We sponsor the upkeep of the National Association for Smile.\" \/>\n<meta name=\"robots\" content=\"index, follow, max-snippet:-1, max-image-preview:large, max-video-preview:-1\" \/>\n<link rel=\"canonical\" href=\"https:\/\/pharos95.hu\/en\/regional-sponsorship\/\" \/>\n<meta property=\"og:locale\" content=\"en_US\" \/>\n<meta property=\"og:type\" content=\"article\" \/>\n<meta property=\"og:title\" content=\"Regional sponsorship\" \/>\n<meta property=\"og:description\" content=\"The welfare of our environment and the development of our region are key considerations for Pharos 95. We sponsor the upkeep of the National Association for Smile.\" \/>\n<meta property=\"og:url\" content=\"https:\/\/pharos95.hu\/en\/regional-sponsorship\/\" \/>\n<meta property=\"og:site_name\" content=\"Pharos95\" \/>\n<meta property=\"article:modified_time\" content=\"2020-11-26T09:42:42+00:00\" \/>\n<meta property=\"og:image\" content=\"https:\/\/pharos95.hu\/wp-content\/uploads\/2020\/08\/facebook.jpg\" \/>\n\t<meta property=\"og:image:width\" content=\"1200\" \/>\n\t<meta property=\"og:image:height\" content=\"630\" \/>\n\t<meta property=\"og:image:type\" content=\"image\/jpeg\" \/>\n<meta name=\"twitter:card\" content=\"summary_large_image\" \/>\n<meta name=\"twitter:label1\" content=\"Est. reading time\" \/>\n\t<meta name=\"twitter:data1\" content=\"7 minutes\" \/>\n<script type=\"application\/ld+json\" class=\"yoast-schema-graph\">{\"@context\":\"https:\/\/schema.org\",\"@graph\":[{\"@type\":\"WebPage\",\"@id\":\"https:\/\/pharos95.hu\/en\/regional-sponsorship\/\",\"url\":\"https:\/\/pharos95.hu\/en\/regional-sponsorship\/\",\"name\":\"Regional sponsorship - Pharos95\",\"isPartOf\":{\"@id\":\"https:\/\/pharos95.hu\/#website\"},\"datePublished\":\"2020-09-14T12:43:10+00:00\",\"dateModified\":\"2020-11-26T09:42:42+00:00\",\"description\":\"The welfare of our environment and the development of our region are key considerations for Pharos 95. We sponsor the upkeep of the National Association for Smile.\",\"breadcrumb\":{\"@id\":\"https:\/\/pharos95.hu\/en\/regional-sponsorship\/#breadcrumb\"},\"inLanguage\":\"en-US\",\"potentialAction\":[{\"@type\":\"ReadAction\",\"target\":[\"https:\/\/pharos95.hu\/en\/regional-sponsorship\/\"]}]},{\"@type\":\"BreadcrumbList\",\"@id\":\"https:\/\/pharos95.hu\/en\/regional-sponsorship\/#breadcrumb\",\"itemListElement\":[{\"@type\":\"ListItem\",\"position\":1,\"name\":\"Kezd\u0151lap\",\"item\":\"https:\/\/pharos95.hu\/en\/\"},{\"@type\":\"ListItem\",\"position\":2,\"name\":\"Regional sponsorship\"}]},{\"@type\":\"WebSite\",\"@id\":\"https:\/\/pharos95.hu\/#website\",\"url\":\"https:\/\/pharos95.hu\/\",\"name\":\"Pharos95\",\"description\":\"\u00c9p\u00edt\u0151 ipari kivitelez\u00e9s a min\u0151s\u00e9g \u00e9s a megbizhat\u00f3s\u00e1g jegy\u00e9ben.\",\"potentialAction\":[{\"@type\":\"SearchAction\",\"target\":{\"@type\":\"EntryPoint\",\"urlTemplate\":\"https:\/\/pharos95.hu\/?s={search_term_string}\"},\"query-input\":{\"@type\":\"PropertyValueSpecification\",\"valueRequired\":true,\"valueName\":\"search_term_string\"}}],\"inLanguage\":\"en-US\"}]}<\/script>\n<!-- \/ Yoast SEO plugin. -->","yoast_head_json":{"title":"Regional sponsorship - Pharos95","description":"The welfare of our environment and the development of our region are key considerations for Pharos 95. We sponsor the upkeep of the National Association for Smile.","robots":{"index":"index","follow":"follow","max-snippet":"max-snippet:-1","max-image-preview":"max-image-preview:large","max-video-preview":"max-video-preview:-1"},"canonical":"https:\/\/pharos95.hu\/en\/regional-sponsorship\/","og_locale":"en_US","og_type":"article","og_title":"Regional sponsorship","og_description":"The welfare of our environment and the development of our region are key considerations for Pharos 95. We sponsor the upkeep of the National Association for Smile.","og_url":"https:\/\/pharos95.hu\/en\/regional-sponsorship\/","og_site_name":"Pharos95","article_modified_time":"2020-11-26T09:42:42+00:00","og_image":[{"width":1200,"height":630,"url":"https:\/\/pharos95.hu\/wp-content\/uploads\/2020\/08\/facebook.jpg","type":"image\/jpeg"}],"twitter_card":"summary_large_image","twitter_misc":{"Est. reading time":"7 minutes"},"schema":{"@context":"https:\/\/schema.org","@graph":[{"@type":"WebPage","@id":"https:\/\/pharos95.hu\/en\/regional-sponsorship\/","url":"https:\/\/pharos95.hu\/en\/regional-sponsorship\/","name":"Regional sponsorship - Pharos95","isPartOf":{"@id":"https:\/\/pharos95.hu\/#website"},"datePublished":"2020-09-14T12:43:10+00:00","dateModified":"2020-11-26T09:42:42+00:00","description":"The welfare of our environment and the development of our region are key considerations for Pharos 95. We sponsor the upkeep of the National Association for Smile.","breadcrumb":{"@id":"https:\/\/pharos95.hu\/en\/regional-sponsorship\/#breadcrumb"},"inLanguage":"en-US","potentialAction":[{"@type":"ReadAction","target":["https:\/\/pharos95.hu\/en\/regional-sponsorship\/"]}]},{"@type":"BreadcrumbList","@id":"https:\/\/pharos95.hu\/en\/regional-sponsorship\/#breadcrumb","itemListElement":[{"@type":"ListItem","position":1,"name":"Kezd\u0151lap","item":"https:\/\/pharos95.hu\/en\/"},{"@type":"ListItem","position":2,"name":"Regional sponsorship"}]},{"@type":"WebSite","@id":"https:\/\/pharos95.hu\/#website","url":"https:\/\/pharos95.hu\/","name":"Pharos95","description":"\u00c9p\u00edt\u0151 ipari kivitelez\u00e9s a min\u0151s\u00e9g \u00e9s a megbizhat\u00f3s\u00e1g jegy\u00e9ben.","potentialAction":[{"@type":"SearchAction","target":{"@type":"EntryPoint","urlTemplate":"https:\/\/pharos95.hu\/?s={search_term_string}"},"query-input":{"@type":"PropertyValueSpecification","valueRequired":true,"valueName":"search_term_string"}}],"inLanguage":"en-US"}]}},"_links":{"self":[{"href":"https:\/\/pharos95.hu\/en\/wp-json\/wp\/v2\/pages\/1817","targetHints":{"allow":["GET"]}}],"collection":[{"href":"https:\/\/pharos95.hu\/en\/wp-json\/wp\/v2\/pages"}],"about":[{"href":"https:\/\/pharos95.hu\/en\/wp-json\/wp\/v2\/types\/page"}],"author":[{"embeddable":true,"href":"https:\/\/pharos95.hu\/en\/wp-json\/wp\/v2\/users\/1"}],"replies":[{"embeddable":true,"href":"https:\/\/pharos95.hu\/en\/wp-json\/wp\/v2\/comments?post=1817"}],"version-history":[{"count":3,"href":"https:\/\/pharos95.hu\/en\/wp-json\/wp\/v2\/pages\/1817\/revisions"}],"predecessor-version":[{"id":1884,"href":"https:\/\/pharos95.hu\/en\/wp-json\/wp\/v2\/pages\/1817\/revisions\/1884"}],"wp:attachment":[{"href":"https:\/\/pharos95.hu\/en\/wp-json\/wp\/v2\/media?parent=1817"}],"curies":[{"name":"wp","href":"https:\/\/api.w.org\/{rel}","templated":true}]}}