{"id":1805,"date":"2020-09-14T12:52:01","date_gmt":"2020-09-14T12:52:01","guid":{"rendered":"https:\/\/pharos95.hu\/nafta-lendava\/"},"modified":"2020-11-25T13:58:25","modified_gmt":"2020-11-25T12:58:25","slug":"nafta-lendava","status":"publish","type":"page","link":"https:\/\/pharos95.hu\/en\/nafta-lendava\/","title":{"rendered":"Nafta Lendava"},"content":{"rendered":"<div id='full_slider_1'  class='avia-fullwidth-slider main_color avia-shadow   avia-builder-el-0  el_before_av_section  avia-builder-el-first   container_wrap fullsize'  ><div   data-size='featured'  data-lightbox_size='large'  data-animation='slide'  data-conditional_play=''  data-ids='1074'  data-video_counter='0'  data-autoplay='false'  data-bg_slider='false'  data-slide_height=''  data-handle='av_slideshow_full'  data-interval='5'  data-class=' '  data-el_id=''  data-css_id=''  data-scroll_down=''  data-control_layout='av-control-default'  data-custom_markup=''  data-perma_caption=''  data-autoplay_stopper=''  data-image_attachment=''  data-min_height='0px'  data-lazy_loading='disabled'  data-src=''  data-position='bottom right'  data-repeat='no-repeat'  data-attach='scroll'  data-stretch=''  data-img_scrset=''  data-default-height='28.666666666667'  class='avia-slideshow avia-slideshow-1  av-control-default av-default-height-applied avia-slideshow-featured av_slideshow_full   avia-slide-slider '  itemprop=\"image\" itemscope=\"itemscope\" itemtype=\"https:\/\/schema.org\/ImageObject\" ><ul class='avia-slideshow-inner ' style='padding-bottom: 37.719298245614%;' ><li  class=' av-single-slide slide-1 ' ><div data-rel='slideshow-1' class='avia-slide-wrap '   ><div class = \"caption_fullwidth av-slideshow-caption caption_center\"><div class = \"container caption_container\"><div class = \"slideshow_caption\"><div class = \"slideshow_inner_caption\"><div class = \"slideshow_align_caption\"><h1  style='font-size:50px; color:#ffffff; ' class='avia-caption-title   av-mini-font-size-overwrite av-mini-font-size-40'  itemprop=\"name\" >Nafta Lendava<span style=\"color: 77b62f;\">.<\/span><br \/><\/h1><\/div><\/div><\/div><\/div><\/div><img decoding=\"async\" class=\"wp-image-1643 avia-img-lazy-loading-not-1643\"  src=\"https:\/\/pharos95.hu\/wp-content\/uploads\/2020\/10\/nafta-1603124403-122-1140x430.jpg\" width=\"1140\" height=\"430\" title='' alt='Nafta Lendava'  itemprop=\"thumbnailUrl\"   \/><div class='av-section-color-overlay' style='opacity: 0.5; background-color: #000000; '><\/div><\/div><\/li><\/ul><\/div><\/div>\n<div id='av_section_1'  class='avia-section av-b48ss-9f4b4c0e14fa9f10c7070d80cc930b0e main_color avia-section-default avia-no-border-styling  avia-builder-el-1  el_after_av_slideshow_full  el_before_av_layout_row  avia-bg-style-scroll container_wrap fullsize'  ><div class='container av-section-cont-open' ><div class='template-page content  av-content-full alpha units'><div class='post-entry post-entry-type-page post-entry-1805'><div class='entry-content-wrapper clearfix'>\n<\/div><\/div><\/div><!-- close content main div --><\/div><\/div><div id='av-layout-grid-1'  class='av-layout-grid-container av-d1hus-b095f2762e90d1360d24c9f91cee7f4e entry-content-wrapper main_color av-flex-cells  avia-builder-el-2  el_after_av_section  avia-builder-el-last  grid-row-not-first  container_wrap fullsize'  >\n\n<style type=\"text\/css\" data-created_by=\"avia_inline_auto\" id=\"style-css-av-71uqk-ac1d8b533eb9fb1ad92be177935234c5\">\n.flex_cell.av-71uqk-ac1d8b533eb9fb1ad92be177935234c5{\nvertical-align:top;\npadding:40px 40px 40px 40px;\n}\n<\/style>\n<div class='flex_cell av_one_half av-71uqk-ac1d8b533eb9fb1ad92be177935234c5 no_margin  avia-builder-el-3  el_before_av_cell_one_half  avia-builder-el-first ' ><div class='flex_cell_inner'><p><section  class='av_textblock_section av-kghuyat6-376ad28962f5a7610501df2a41b52e57'  itemscope=\"itemscope\" itemtype=\"https:\/\/schema.org\/CreativeWork\" ><div class='avia_textblock'  itemprop=\"text\" ><p>Pharos 95 arrived in Lendava in the summer of 2017, when the team was promoted from the Third to the Second Division after finishing at the top of the table. G\u00e1bor V\u00e9gh, the founder of our company was elected president of FK Nafta Lendava.<\/p>\n<p>Since then the club of this small town has become a stable and defining team of the Second Division, proving its skills in the top tier of the championship year after year. The club has also achieved the greatest success of its history by reaching the 2020 Slovenian Cup Final.<\/p>\n<p>Its infrastructure is also developing at a rapid pace: in autumn 2020 the 50&#215;70 m synthetic turf training pitch was completed, which is also used by the Hungarian-Slovene Bilingual Secondary School of Lendava to improve physical education at the school.<\/p>\n<p>Since the arrival of Pharos 95 youth sports training in Lendava has been organised and planning has started for the sports academy whose goal is to support Hungarians living beyond our borders and implement sports programmes. On the site next to Lippa Hotel two (heated) natural turf pitches and a synthetic turf pitch are being constructed, along with spotlights, headquarters, and dressing rooms. In the future these can also serve as venues for community events as well as wellness and fitness activities.<\/p>\n<\/div><\/section><br \/>\n<div  class='avia-button-wrap avia-button-left  avia-builder-el-5  el_after_av_textblock  avia-builder-el-last ' ><a href='http:\/\/nafta1903.si\/' class='avia-button av-kghuz8rs-b55131061654f46c3ae6d8993118c16e avia-icon_select-yes-right-icon avia-size-medium avia-position-left avia-color-theme-color' target=\"_blank\" rel=\"noopener noreferrer\"><span class='avia_iconbox_title' >To the website of Nafta Lendava <\/span><span class='avia_button_icon avia_button_icon_right' aria-hidden='true' data-av_icon='\ue875' data-av_iconfont='entypo-fontello'><\/span><\/a><\/div><\/p>\n<\/div><\/div>\n<style type=\"text\/css\" data-created_by=\"avia_inline_auto\" id=\"style-css-av-kghv0cxn-dadd86a67de5653cd1dac4631abd7f38\">\n.flex_cell.av-kghv0cxn-dadd86a67de5653cd1dac4631abd7f38{\nvertical-align:top;\npadding:30px 30px 30px 30px;\nbackground:url(https:\/\/pharos95.hu\/wp-content\/uploads\/2020\/10\/nafta-1603124403-122.jpg) 0% 0% no-repeat scroll ;\n}\n<\/style>\n<div class='flex_cell av_one_half av-kghv0cxn-dadd86a67de5653cd1dac4631abd7f38 no_margin  avia-builder-el-6  el_after_av_cell_one_half  avia-builder-el-last ' ><div class='flex_cell_inner'><\/div><\/div><\/div>\n","protected":false},"excerpt":{"rendered":"","protected":false},"author":1,"featured_media":0,"parent":0,"menu_order":0,"comment_status":"closed","ping_status":"closed","template":"","meta":{"footnotes":""},"class_list":["post-1805","page","type-page","status-publish","hentry"],"yoast_head":"<!-- This site is optimized with the Yoast SEO plugin v24.6 - https:\/\/yoast.com\/wordpress\/plugins\/seo\/ -->\n<title>Nafta Lendava - Pharos95<\/title>\n<meta name=\"description\" content=\"Pharos 95 arrived in Lendava in the summer of 2017, when the team was promoted from the Third to the Second Division after finishing at the top of the table.\" \/>\n<meta name=\"robots\" content=\"index, follow, max-snippet:-1, max-image-preview:large, max-video-preview:-1\" \/>\n<link rel=\"canonical\" href=\"https:\/\/pharos95.hu\/en\/nafta-lendava\/\" \/>\n<meta property=\"og:locale\" content=\"en_US\" \/>\n<meta property=\"og:type\" content=\"article\" \/>\n<meta property=\"og:title\" content=\"Nafta Lendava\" \/>\n<meta property=\"og:description\" content=\"Pharos 95 arrived in Lendava in the summer of 2017, when the team was promoted from the Third to the Second Division after finishing at the top of the table.\" \/>\n<meta property=\"og:url\" content=\"https:\/\/pharos95.hu\/en\/nafta-lendava\/\" \/>\n<meta property=\"og:site_name\" content=\"Pharos95\" \/>\n<meta property=\"article:modified_time\" content=\"2020-11-25T12:58:25+00:00\" \/>\n<meta property=\"og:image\" content=\"https:\/\/pharos95.hu\/wp-content\/uploads\/2020\/08\/facebook.jpg\" \/>\n\t<meta property=\"og:image:width\" content=\"1200\" \/>\n\t<meta property=\"og:image:height\" content=\"630\" \/>\n\t<meta property=\"og:image:type\" content=\"image\/jpeg\" \/>\n<meta name=\"twitter:card\" content=\"summary_large_image\" \/>\n<meta name=\"twitter:label1\" content=\"Est. reading time\" \/>\n\t<meta name=\"twitter:data1\" content=\"4 minutes\" \/>\n<script type=\"application\/ld+json\" class=\"yoast-schema-graph\">{\"@context\":\"https:\/\/schema.org\",\"@graph\":[{\"@type\":\"WebPage\",\"@id\":\"https:\/\/pharos95.hu\/en\/nafta-lendava\/\",\"url\":\"https:\/\/pharos95.hu\/en\/nafta-lendava\/\",\"name\":\"Nafta Lendava - Pharos95\",\"isPartOf\":{\"@id\":\"https:\/\/pharos95.hu\/#website\"},\"datePublished\":\"2020-09-14T12:52:01+00:00\",\"dateModified\":\"2020-11-25T12:58:25+00:00\",\"description\":\"Pharos 95 arrived in Lendava in the summer of 2017, when the team was promoted from the Third to the Second Division after finishing at the top of the table.\",\"breadcrumb\":{\"@id\":\"https:\/\/pharos95.hu\/en\/nafta-lendava\/#breadcrumb\"},\"inLanguage\":\"en-US\",\"potentialAction\":[{\"@type\":\"ReadAction\",\"target\":[\"https:\/\/pharos95.hu\/en\/nafta-lendava\/\"]}]},{\"@type\":\"BreadcrumbList\",\"@id\":\"https:\/\/pharos95.hu\/en\/nafta-lendava\/#breadcrumb\",\"itemListElement\":[{\"@type\":\"ListItem\",\"position\":1,\"name\":\"Kezd\u0151lap\",\"item\":\"https:\/\/pharos95.hu\/en\/\"},{\"@type\":\"ListItem\",\"position\":2,\"name\":\"Nafta Lendava\"}]},{\"@type\":\"WebSite\",\"@id\":\"https:\/\/pharos95.hu\/#website\",\"url\":\"https:\/\/pharos95.hu\/\",\"name\":\"Pharos95\",\"description\":\"\u00c9p\u00edt\u0151 ipari kivitelez\u00e9s a min\u0151s\u00e9g \u00e9s a megbizhat\u00f3s\u00e1g jegy\u00e9ben.\",\"potentialAction\":[{\"@type\":\"SearchAction\",\"target\":{\"@type\":\"EntryPoint\",\"urlTemplate\":\"https:\/\/pharos95.hu\/?s={search_term_string}\"},\"query-input\":{\"@type\":\"PropertyValueSpecification\",\"valueRequired\":true,\"valueName\":\"search_term_string\"}}],\"inLanguage\":\"en-US\"}]}<\/script>\n<!-- \/ Yoast SEO plugin. -->","yoast_head_json":{"title":"Nafta Lendava - Pharos95","description":"Pharos 95 arrived in Lendava in the summer of 2017, when the team was promoted from the Third to the Second Division after finishing at the top of the table.","robots":{"index":"index","follow":"follow","max-snippet":"max-snippet:-1","max-image-preview":"max-image-preview:large","max-video-preview":"max-video-preview:-1"},"canonical":"https:\/\/pharos95.hu\/en\/nafta-lendava\/","og_locale":"en_US","og_type":"article","og_title":"Nafta Lendava","og_description":"Pharos 95 arrived in Lendava in the summer of 2017, when the team was promoted from the Third to the Second Division after finishing at the top of the table.","og_url":"https:\/\/pharos95.hu\/en\/nafta-lendava\/","og_site_name":"Pharos95","article_modified_time":"2020-11-25T12:58:25+00:00","og_image":[{"width":1200,"height":630,"url":"https:\/\/pharos95.hu\/wp-content\/uploads\/2020\/08\/facebook.jpg","type":"image\/jpeg"}],"twitter_card":"summary_large_image","twitter_misc":{"Est. reading time":"4 minutes"},"schema":{"@context":"https:\/\/schema.org","@graph":[{"@type":"WebPage","@id":"https:\/\/pharos95.hu\/en\/nafta-lendava\/","url":"https:\/\/pharos95.hu\/en\/nafta-lendava\/","name":"Nafta Lendava - Pharos95","isPartOf":{"@id":"https:\/\/pharos95.hu\/#website"},"datePublished":"2020-09-14T12:52:01+00:00","dateModified":"2020-11-25T12:58:25+00:00","description":"Pharos 95 arrived in Lendava in the summer of 2017, when the team was promoted from the Third to the Second Division after finishing at the top of the table.","breadcrumb":{"@id":"https:\/\/pharos95.hu\/en\/nafta-lendava\/#breadcrumb"},"inLanguage":"en-US","potentialAction":[{"@type":"ReadAction","target":["https:\/\/pharos95.hu\/en\/nafta-lendava\/"]}]},{"@type":"BreadcrumbList","@id":"https:\/\/pharos95.hu\/en\/nafta-lendava\/#breadcrumb","itemListElement":[{"@type":"ListItem","position":1,"name":"Kezd\u0151lap","item":"https:\/\/pharos95.hu\/en\/"},{"@type":"ListItem","position":2,"name":"Nafta Lendava"}]},{"@type":"WebSite","@id":"https:\/\/pharos95.hu\/#website","url":"https:\/\/pharos95.hu\/","name":"Pharos95","description":"\u00c9p\u00edt\u0151 ipari kivitelez\u00e9s a min\u0151s\u00e9g \u00e9s a megbizhat\u00f3s\u00e1g jegy\u00e9ben.","potentialAction":[{"@type":"SearchAction","target":{"@type":"EntryPoint","urlTemplate":"https:\/\/pharos95.hu\/?s={search_term_string}"},"query-input":{"@type":"PropertyValueSpecification","valueRequired":true,"valueName":"search_term_string"}}],"inLanguage":"en-US"}]}},"_links":{"self":[{"href":"https:\/\/pharos95.hu\/en\/wp-json\/wp\/v2\/pages\/1805","targetHints":{"allow":["GET"]}}],"collection":[{"href":"https:\/\/pharos95.hu\/en\/wp-json\/wp\/v2\/pages"}],"about":[{"href":"https:\/\/pharos95.hu\/en\/wp-json\/wp\/v2\/types\/page"}],"author":[{"embeddable":true,"href":"https:\/\/pharos95.hu\/en\/wp-json\/wp\/v2\/users\/1"}],"replies":[{"embeddable":true,"href":"https:\/\/pharos95.hu\/en\/wp-json\/wp\/v2\/comments?post=1805"}],"version-history":[{"count":3,"href":"https:\/\/pharos95.hu\/en\/wp-json\/wp\/v2\/pages\/1805\/revisions"}],"predecessor-version":[{"id":1877,"href":"https:\/\/pharos95.hu\/en\/wp-json\/wp\/v2\/pages\/1805\/revisions\/1877"}],"wp:attachment":[{"href":"https:\/\/pharos95.hu\/en\/wp-json\/wp\/v2\/media?parent=1805"}],"curies":[{"name":"wp","href":"https:\/\/api.w.org\/{rel}","templated":true}]}}