{"id":1799,"date":"2020-08-18T07:08:14","date_gmt":"2020-08-18T07:08:14","guid":{"rendered":"https:\/\/pharos95.hu\/zte-fc\/"},"modified":"2020-11-25T13:54:21","modified_gmt":"2020-11-25T12:54:21","slug":"zte-fc","status":"publish","type":"page","link":"https:\/\/pharos95.hu\/en\/zte-fc\/","title":{"rendered":"ZTE FC"},"content":{"rendered":"<div id='full_slider_1'  class='avia-fullwidth-slider main_color avia-shadow   avia-builder-el-0  el_before_av_section  avia-builder-el-first   container_wrap fullsize'  ><div   data-size='featured'  data-lightbox_size='large'  data-animation='slide'  data-conditional_play=''  data-ids='588'  data-video_counter='0'  data-autoplay='false'  data-bg_slider='false'  data-slide_height=''  data-handle='av_slideshow_full'  data-interval='5'  data-class=' '  data-el_id=''  data-css_id=''  data-scroll_down=''  data-control_layout='av-control-default'  data-custom_markup=''  data-perma_caption=''  data-autoplay_stopper=''  data-image_attachment=''  data-min_height='0px'  data-lazy_loading='disabled'  data-src=''  data-position='bottom right'  data-repeat='no-repeat'  data-attach='scroll'  data-stretch=''  data-img_scrset=''  data-default-height='28.666666666667'  class='avia-slideshow avia-slideshow-1  av-control-default av-default-height-applied avia-slideshow-featured av_slideshow_full   avia-slide-slider '  itemprop=\"image\" itemscope=\"itemscope\" itemtype=\"https:\/\/schema.org\/ImageObject\" ><ul class='avia-slideshow-inner ' style='padding-bottom: 28.666666666667%;' ><li  class=' av-single-slide slide-1 ' ><div data-rel='slideshow-1' class='avia-slide-wrap '   ><div class = \"caption_fullwidth av-slideshow-caption caption_center\"><div class = \"container caption_container\"><div class = \"slideshow_caption\"><div class = \"slideshow_inner_caption\"><div class = \"slideshow_align_caption\"><h1  style='font-size:50px; color:#ffffff; ' class='avia-caption-title  '  itemprop=\"name\" >ZTE FC<span style=\"color: 77b62f;\">.<\/span><br \/><\/h1><\/div><\/div><\/div><\/div><\/div><img decoding=\"async\" class=\"wp-image-1500 avia-img-lazy-loading-not-1500\"  src=\"https:\/\/pharos95.hu\/wp-content\/uploads\/2020\/08\/zte-1500x430.png\" width=\"1500\" height=\"430\" title='' alt='ZTE'  itemprop=\"thumbnailUrl\"   \/><\/div><\/li><\/ul><\/div><\/div>\n<div id='av_section_1'  class='avia-section av-8qkiz-e2e9f4ef57092e35a74db8a0d03a0d8f main_color avia-section-default avia-no-border-styling  avia-builder-el-1  el_after_av_slideshow_full  el_before_av_layout_row  av-medium-hide av-small-hide av-mini-hide avia-bg-style-scroll container_wrap fullsize'  ><div class='container av-section-cont-open' ><div class='template-page content  av-content-full alpha units'><div class='post-entry post-entry-type-page post-entry-1799'><div class='entry-content-wrapper clearfix'>\n<\/div><\/div><\/div><!-- close content main div --><\/div><\/div><div id='av-layout-grid-1'  class='av-layout-grid-container av-2k5j0-57f041fbb58d0ff78c0b5596fd012d5b entry-content-wrapper main_color av-flex-cells  avia-builder-el-2  el_after_av_section  el_before_av_section  av-cell-min-height av-cell-min-height-100 grid-row-not-first av-medium-hide av-small-hide av-mini-hide container_wrap fullsize'   data-av_minimum_height_pc='100'>\n\n<style type=\"text\/css\" data-created_by=\"avia_inline_auto\" id=\"style-css-av-1yb6o-30c21b1d9a496a885c1ee2cdcfcc5de7\">\n.flex_cell.av-1yb6o-30c21b1d9a496a885c1ee2cdcfcc5de7{\nvertical-align:middle;\npadding:30px 0px 30px 305px;\n}\n<\/style>\n<div class='flex_cell av_two_fifth av-1yb6o-30c21b1d9a496a885c1ee2cdcfcc5de7 no_margin  avia-builder-el-3  el_before_av_cell_three_fifth  avia-builder-el-first  media_nopadding_left' ><div class='flex_cell_inner'>\n<style type=\"text\/css\" data-created_by=\"avia_inline_auto\" id=\"style-css-av-1ba3g-cb3893e990a990fa8d22bd4ea423c308\">\n.flex_column.av-1ba3g-cb3893e990a990fa8d22bd4ea423c308{\nborder-radius:0px 0px 0px 0px;\n-webkit-border-radius:0px 0px 0px 0px;\n-moz-border-radius:0px 0px 0px 0px;\npadding:0px 60px 0px 0px;\n}\n<\/style>\n<div class='flex_column av-1ba3g-cb3893e990a990fa8d22bd4ea423c308 av_one_full  avia-builder-el-4  avia-builder-el-no-sibling  first flex_column_div '   ><p><section  class='av_textblock_section av-kdr2jk27-f2fc1d3498370defe65c353be81e6c9b'  itemscope=\"itemscope\" itemtype=\"https:\/\/schema.org\/CreativeWork\" ><div class='avia_textblock'  itemprop=\"text\" ><p>In 2014 our company took over managing Zalaegerszeg FC and started supporting this more than 100-year-old club so that it can regain its former glory. From the first years we placed great emphasis to laying the foundations of infrastructure on which the now First Division club can build more easily.<\/p>\n<p>Together we built a<strong> 10,400-seat stadium<\/strong>, a 20,000 m2 <strong>youth sports centre<\/strong>, 1 athletics conditioning field, 2 large football pitches, and 1 smaller synthetic turf pitch. We renovated a large synthetic turf pitch, to which we also added covered stands, a snack bar and a sanitary block. We furnished the central pitch with heating, and thanks to the lighting rig we purchased the team can now play on an excellent pitch regardless of weather conditions. To better serve spectators and our sponsors we also procured and installed a 100-metre LED wall.<\/p>\n<p>The comprehensive combined renovation of Ostoros hall and of the dressing rooms is currently in progress.<\/p>\n<p>You can find the latest news on our shared successes <strong>on the website of ZTE FC<\/strong>.<\/p>\n<\/div><\/section><br \/>\n<div  class='avia-button-wrap avia-button-left  avia-builder-el-6  el_after_av_textblock  avia-builder-el-last ' ><a href='https:\/\/www.ztefc.hu\/'  class='avia-button av-kf2iyn77-f550f7b6dd8d96a17e14ab2e82b02f4e avia-icon_select-no avia-size-medium avia-position-left avia-color-theme-color' ><span class='avia_iconbox_title' >To the website of ZTE FC<\/span><\/a><\/div><\/p><\/div>\n<\/div><\/div>\n<style type=\"text\/css\" data-created_by=\"avia_inline_auto\" id=\"style-css-av-13rc8-3100d413875be2ce8aadab5279f2b4c7\">\n.flex_cell.av-13rc8-3100d413875be2ce8aadab5279f2b4c7{\nvertical-align:top;\npadding:120px 0px 0px 60px;\nbackground:url(https:\/\/pharos95.hu\/wp-content\/uploads\/2020\/09\/Screen-Shot-2020-08-09-at-12.12.06-PM-1.jpg) 50% 50% no-repeat scroll ;\n}\n<\/style>\n<div class='flex_cell av_three_fifth av-13rc8-3100d413875be2ce8aadab5279f2b4c7 no_margin  avia-builder-el-7  el_after_av_cell_two_fifth  avia-builder-el-last  avia-full-stretch' ><div class='flex_cell_inner'><\/div><\/div><\/div><div id='av_section_2'  class='avia-section av-kdzm6727-517a3b69cb354757600860a360bac42a main_color avia-section-default avia-no-border-styling  avia-builder-el-8  el_after_av_layout_row  avia-builder-el-last  av-desktop-hide avia-bg-style-scroll container_wrap fullsize'  ><div class='container av-section-cont-open' ><div class='template-page content  av-content-full alpha units'><div class='post-entry post-entry-type-page post-entry-1799'><div class='entry-content-wrapper clearfix'>\n\n<style type=\"text\/css\" data-created_by=\"avia_inline_auto\" id=\"style-css-av-hikar-f9ef204f210ac88d9c224f37c74a016a\">\n.flex_column.av-hikar-f9ef204f210ac88d9c224f37c74a016a{\nborder-radius:0px 0px 0px 0px;\n-webkit-border-radius:0px 0px 0px 0px;\n-moz-border-radius:0px 0px 0px 0px;\n}\n<\/style>\n<div class='flex_column av-hikar-f9ef204f210ac88d9c224f37c74a016a av_one_full  avia-builder-el-9  el_before_av_one_full  avia-builder-el-first  first flex_column_div av-zero-column-padding '   ><p><section  class='av_textblock_section av-kdr2jk27-f2fc1d3498370defe65c353be81e6c9b'  itemscope=\"itemscope\" itemtype=\"https:\/\/schema.org\/CreativeWork\" ><div class='avia_textblock'  itemprop=\"text\" ><p>In 2014 our company took over managing Zalaegerszeg FC and started supporting this more than 100-year-old club so that it can regain its former glory. From the first years we placed great emphasis to laying the foundations of infrastructure on which the now First Division club can build more easily.<\/p>\n<p>Together we built a<strong> 10,400-seat stadium<\/strong>, a 20,000 m2 <strong>youth sports centre<\/strong>, 1 athletics conditioning field, 2 large football pitches, and 1 smaller synthetic turf pitch. We renovated a large synthetic turf pitch, to which we also added covered stands, a snack bar and a sanitary block. We furnished the central pitch with heating, and thanks to the lighting rig we purchased the team can now play on an excellent pitch regardless of weather conditions. To better serve spectators and our sponsors we also procured and installed a 100-metre LED wall.<\/p>\n<p>The comprehensive combined renovation of Ostoros hall and of the dressing rooms is currently in progress.<\/p>\n<p>You can find the latest news on our shared successes <strong>on the website of ZTE FC<\/strong>.<\/p>\n<\/div><\/section><br \/>\n<div  class='avia-button-wrap avia-button-left  avia-builder-el-11  el_after_av_textblock  avia-builder-el-last ' ><a href='https:\/\/www.ztefc.hu\/'  class='avia-button av-kf2iyn77-f550f7b6dd8d96a17e14ab2e82b02f4e avia-icon_select-no avia-size-medium avia-position-left avia-color-theme-color' ><span class='avia_iconbox_title' >To the website of ZTE FC<\/span><\/a><\/div><\/p><\/div>\n<style type=\"text\/css\" data-created_by=\"avia_inline_auto\" id=\"style-css-av-72zgr-13cdcc2b051df43a1df87a2ddb8a2728\">\n.flex_column.av-72zgr-13cdcc2b051df43a1df87a2ddb8a2728{\nborder-radius:0px 0px 0px 0px;\n-webkit-border-radius:0px 0px 0px 0px;\n-moz-border-radius:0px 0px 0px 0px;\n}\n<\/style>\n<div class='flex_column av-72zgr-13cdcc2b051df43a1df87a2ddb8a2728 av_one_full  avia-builder-el-12  el_after_av_one_full  avia-builder-el-last  first flex_column_div av-zero-column-padding column-top-margin'   ><style type=\"text\/css\" data-created_by=\"avia_inline_auto\" id=\"style-css-av-kdzm5pxv-d2ed3b113a2e6061f0e2944a7311d050\">\n.avia-image-container.av-kdzm5pxv-d2ed3b113a2e6061f0e2944a7311d050 .av-image-caption-overlay-center{\ncolor:#ffffff;\n}\n<\/style>\n<div  class='avia-image-container av-kdzm5pxv-d2ed3b113a2e6061f0e2944a7311d050 av-styling- avia-align-center  avia-builder-el-13  avia-builder-el-no-sibling '  itemprop=\"image\" itemscope=\"itemscope\" itemtype=\"https:\/\/schema.org\/ImageObject\" ><div class=\"avia-image-container-inner\"><div class=\"avia-image-overlay-wrap\"><img decoding=\"async\" class='wp-image-1502 avia-img-lazy-loading-not-1502 avia_image' src=\"https:\/\/pharos95.hu\/wp-content\/uploads\/2020\/08\/zte-2.png\" alt='ZTE' title=''  height=\"694\" width=\"1003\"  itemprop=\"thumbnailUrl\" srcset=\"https:\/\/pharos95.hu\/wp-content\/uploads\/2020\/08\/zte-2.png 1003w, https:\/\/pharos95.hu\/wp-content\/uploads\/2020\/08\/zte-2-300x208.png 300w, https:\/\/pharos95.hu\/wp-content\/uploads\/2020\/08\/zte-2-768x531.png 768w, https:\/\/pharos95.hu\/wp-content\/uploads\/2020\/08\/zte-2-705x488.png 705w\" sizes=\"(max-width: 1003px) 100vw, 1003px\" \/><\/div><\/div><\/div><\/div><\/p>\n","protected":false},"excerpt":{"rendered":"","protected":false},"author":1,"featured_media":0,"parent":0,"menu_order":0,"comment_status":"closed","ping_status":"closed","template":"","meta":{"footnotes":""},"class_list":["post-1799","page","type-page","status-publish","hentry"],"yoast_head":"<!-- This site is optimized with the Yoast SEO plugin v24.6 - https:\/\/yoast.com\/wordpress\/plugins\/seo\/ -->\n<title>ZTE FC - Pharos95<\/title>\n<meta name=\"description\" content=\"In 2014 our company took over managing Zalaegerszeg FC and started supporting this more than 100-year-old club so that it can regain its former glory.\" \/>\n<meta name=\"robots\" content=\"index, follow, max-snippet:-1, max-image-preview:large, max-video-preview:-1\" \/>\n<link rel=\"canonical\" href=\"https:\/\/pharos95.hu\/en\/zte-fc\/\" \/>\n<meta property=\"og:locale\" content=\"en_US\" \/>\n<meta property=\"og:type\" content=\"article\" \/>\n<meta property=\"og:title\" content=\"ZTE FC\" \/>\n<meta property=\"og:description\" content=\"In 2014 our company took over managing Zalaegerszeg FC and started supporting this more than 100-year-old club so that it can regain its former glory\" \/>\n<meta property=\"og:url\" content=\"https:\/\/pharos95.hu\/en\/zte-fc\/\" \/>\n<meta property=\"og:site_name\" content=\"Pharos95\" \/>\n<meta property=\"article:modified_time\" content=\"2020-11-25T12:54:21+00:00\" \/>\n<meta property=\"og:image\" content=\"https:\/\/pharos95.hu\/wp-content\/uploads\/2020\/08\/facebook.jpg\" \/>\n\t<meta property=\"og:image:width\" content=\"1200\" \/>\n\t<meta property=\"og:image:height\" content=\"630\" \/>\n\t<meta property=\"og:image:type\" content=\"image\/jpeg\" \/>\n<meta name=\"twitter:card\" content=\"summary_large_image\" \/>\n<meta name=\"twitter:label1\" content=\"Est. reading time\" \/>\n\t<meta name=\"twitter:data1\" content=\"8 minutes\" \/>\n<script type=\"application\/ld+json\" class=\"yoast-schema-graph\">{\"@context\":\"https:\/\/schema.org\",\"@graph\":[{\"@type\":\"WebPage\",\"@id\":\"https:\/\/pharos95.hu\/en\/zte-fc\/\",\"url\":\"https:\/\/pharos95.hu\/en\/zte-fc\/\",\"name\":\"ZTE FC - Pharos95\",\"isPartOf\":{\"@id\":\"https:\/\/pharos95.hu\/#website\"},\"datePublished\":\"2020-08-18T07:08:14+00:00\",\"dateModified\":\"2020-11-25T12:54:21+00:00\",\"description\":\"In 2014 our company took over managing Zalaegerszeg FC and started supporting this more than 100-year-old club so that it can regain its former glory.\",\"breadcrumb\":{\"@id\":\"https:\/\/pharos95.hu\/en\/zte-fc\/#breadcrumb\"},\"inLanguage\":\"en-US\",\"potentialAction\":[{\"@type\":\"ReadAction\",\"target\":[\"https:\/\/pharos95.hu\/en\/zte-fc\/\"]}]},{\"@type\":\"BreadcrumbList\",\"@id\":\"https:\/\/pharos95.hu\/en\/zte-fc\/#breadcrumb\",\"itemListElement\":[{\"@type\":\"ListItem\",\"position\":1,\"name\":\"Kezd\u0151lap\",\"item\":\"https:\/\/pharos95.hu\/en\/\"},{\"@type\":\"ListItem\",\"position\":2,\"name\":\"ZTE FC\"}]},{\"@type\":\"WebSite\",\"@id\":\"https:\/\/pharos95.hu\/#website\",\"url\":\"https:\/\/pharos95.hu\/\",\"name\":\"Pharos95\",\"description\":\"\u00c9p\u00edt\u0151 ipari kivitelez\u00e9s a min\u0151s\u00e9g \u00e9s a megbizhat\u00f3s\u00e1g jegy\u00e9ben.\",\"potentialAction\":[{\"@type\":\"SearchAction\",\"target\":{\"@type\":\"EntryPoint\",\"urlTemplate\":\"https:\/\/pharos95.hu\/?s={search_term_string}\"},\"query-input\":{\"@type\":\"PropertyValueSpecification\",\"valueRequired\":true,\"valueName\":\"search_term_string\"}}],\"inLanguage\":\"en-US\"}]}<\/script>\n<!-- \/ Yoast SEO plugin. -->","yoast_head_json":{"title":"ZTE FC - Pharos95","description":"In 2014 our company took over managing Zalaegerszeg FC and started supporting this more than 100-year-old club so that it can regain its former glory.","robots":{"index":"index","follow":"follow","max-snippet":"max-snippet:-1","max-image-preview":"max-image-preview:large","max-video-preview":"max-video-preview:-1"},"canonical":"https:\/\/pharos95.hu\/en\/zte-fc\/","og_locale":"en_US","og_type":"article","og_title":"ZTE FC","og_description":"In 2014 our company took over managing Zalaegerszeg FC and started supporting this more than 100-year-old club so that it can regain its former glory","og_url":"https:\/\/pharos95.hu\/en\/zte-fc\/","og_site_name":"Pharos95","article_modified_time":"2020-11-25T12:54:21+00:00","og_image":[{"width":1200,"height":630,"url":"https:\/\/pharos95.hu\/wp-content\/uploads\/2020\/08\/facebook.jpg","type":"image\/jpeg"}],"twitter_card":"summary_large_image","twitter_misc":{"Est. reading time":"8 minutes"},"schema":{"@context":"https:\/\/schema.org","@graph":[{"@type":"WebPage","@id":"https:\/\/pharos95.hu\/en\/zte-fc\/","url":"https:\/\/pharos95.hu\/en\/zte-fc\/","name":"ZTE FC - Pharos95","isPartOf":{"@id":"https:\/\/pharos95.hu\/#website"},"datePublished":"2020-08-18T07:08:14+00:00","dateModified":"2020-11-25T12:54:21+00:00","description":"In 2014 our company took over managing Zalaegerszeg FC and started supporting this more than 100-year-old club so that it can regain its former glory.","breadcrumb":{"@id":"https:\/\/pharos95.hu\/en\/zte-fc\/#breadcrumb"},"inLanguage":"en-US","potentialAction":[{"@type":"ReadAction","target":["https:\/\/pharos95.hu\/en\/zte-fc\/"]}]},{"@type":"BreadcrumbList","@id":"https:\/\/pharos95.hu\/en\/zte-fc\/#breadcrumb","itemListElement":[{"@type":"ListItem","position":1,"name":"Kezd\u0151lap","item":"https:\/\/pharos95.hu\/en\/"},{"@type":"ListItem","position":2,"name":"ZTE FC"}]},{"@type":"WebSite","@id":"https:\/\/pharos95.hu\/#website","url":"https:\/\/pharos95.hu\/","name":"Pharos95","description":"\u00c9p\u00edt\u0151 ipari kivitelez\u00e9s a min\u0151s\u00e9g \u00e9s a megbizhat\u00f3s\u00e1g jegy\u00e9ben.","potentialAction":[{"@type":"SearchAction","target":{"@type":"EntryPoint","urlTemplate":"https:\/\/pharos95.hu\/?s={search_term_string}"},"query-input":{"@type":"PropertyValueSpecification","valueRequired":true,"valueName":"search_term_string"}}],"inLanguage":"en-US"}]}},"_links":{"self":[{"href":"https:\/\/pharos95.hu\/en\/wp-json\/wp\/v2\/pages\/1799","targetHints":{"allow":["GET"]}}],"collection":[{"href":"https:\/\/pharos95.hu\/en\/wp-json\/wp\/v2\/pages"}],"about":[{"href":"https:\/\/pharos95.hu\/en\/wp-json\/wp\/v2\/types\/page"}],"author":[{"embeddable":true,"href":"https:\/\/pharos95.hu\/en\/wp-json\/wp\/v2\/users\/1"}],"replies":[{"embeddable":true,"href":"https:\/\/pharos95.hu\/en\/wp-json\/wp\/v2\/comments?post=1799"}],"version-history":[{"count":3,"href":"https:\/\/pharos95.hu\/en\/wp-json\/wp\/v2\/pages\/1799\/revisions"}],"predecessor-version":[{"id":1890,"href":"https:\/\/pharos95.hu\/en\/wp-json\/wp\/v2\/pages\/1799\/revisions\/1890"}],"wp:attachment":[{"href":"https:\/\/pharos95.hu\/en\/wp-json\/wp\/v2\/media?parent=1799"}],"curies":[{"name":"wp","href":"https:\/\/api.w.org\/{rel}","templated":true}]}}