{"id":1752,"date":"2020-08-12T06:46:35","date_gmt":"2020-08-12T06:46:35","guid":{"rendered":"https:\/\/pharos95.hu\/projektjeink\/"},"modified":"2020-11-26T11:41:05","modified_gmt":"2020-11-26T10:41:05","slug":"projects","status":"publish","type":"page","link":"https:\/\/pharos95.hu\/en\/projects\/","title":{"rendered":"Projects"},"content":{"rendered":"<div id='full_slider_1'  class='avia-fullwidth-slider main_color avia-shadow   avia-builder-el-0  el_before_av_section  avia-builder-el-first   container_wrap fullsize'  ><div   data-size='featured'  data-lightbox_size='large'  data-animation='slide'  data-conditional_play=''  data-ids='564'  data-video_counter='0'  data-autoplay='false'  data-bg_slider='false'  data-slide_height=''  data-handle='av_slideshow_full'  data-interval='5'  data-class=' '  data-el_id=''  data-css_id=''  data-scroll_down=''  data-control_layout='av-control-default'  data-custom_markup=''  data-perma_caption=''  data-autoplay_stopper=''  data-image_attachment=''  data-min_height='0px'  data-lazy_loading='disabled'  data-src=''  data-position='bottom right'  data-repeat='no-repeat'  data-attach='scroll'  data-stretch=''  data-img_scrset=''  data-default-height='28.666666666667'  class='avia-slideshow avia-slideshow-1  av-control-default av-default-height-applied avia-slideshow-featured av_slideshow_full   avia-slide-slider '  itemprop=\"image\" itemscope=\"itemscope\" itemtype=\"https:\/\/schema.org\/ImageObject\" ><ul class='avia-slideshow-inner ' style='padding-bottom: 28.666666666667%;' ><li  class=' av-single-slide slide-1 ' ><div data-rel='slideshow-1' class='avia-slide-wrap '   ><div class = \"caption_fullwidth av-slideshow-caption caption_center\"><div class = \"container caption_container\"><div class = \"slideshow_caption\"><div class = \"slideshow_inner_caption\"><div class = \"slideshow_align_caption\"><h1  style='font-size:50px; color:#ffffff; ' class='avia-caption-title  '  itemprop=\"name\" >Projects<span style=\"color: 77b62f;\">.<\/span><\/h1><\/div><\/div><\/div><\/div><\/div><img decoding=\"async\" class=\"wp-image-1496 avia-img-lazy-loading-not-1496\"  src=\"https:\/\/pharos95.hu\/wp-content\/uploads\/2020\/08\/projektjeink-1-1500x430.png\" width=\"1500\" height=\"430\" title='' alt='Projects'  itemprop=\"thumbnailUrl\"   \/><\/div><\/li><\/ul><\/div><\/div>\n<div id='av_section_1'  class='avia-section av-39au-eddec2391e2ed59615967dc95f136b80 main_color avia-section-default avia-no-border-styling  avia-builder-el-1  el_after_av_slideshow_full  avia-builder-el-last  projektjeink avia-bg-style-scroll container_wrap fullsize'  ><div class='container av-section-cont-open' ><div class='template-page content  av-content-full alpha units'><div class='post-entry post-entry-type-page post-entry-1752'><div class='entry-content-wrapper clearfix'>\n<div id='av-masonry-1' class='av-masonry av-u6qq-14e132e6d98d7a4484afd529f5d71dce noHover av-fixed-size av-large-gap av-hover-overlay- av-masonry-animation-active av-masonry-col-3 av-caption-always av-caption-style- av-masonry-gallery av-orientation-square '><div class=\"av-masonry-container isotope av-js-disabled\"><div class='av-masonry-entry isotope-item av-masonry-item-no-image '><\/div><a href=\"https:\/\/pharos95.hu\/wp-content\/uploads\/2020\/08\/projektjeink_2.jpg\" data-srcset=\"https:\/\/pharos95.hu\/wp-content\/uploads\/2020\/08\/projektjeink_2.jpg 779w, https:\/\/pharos95.hu\/wp-content\/uploads\/2020\/08\/projektjeink_2-300x300.jpg 300w, https:\/\/pharos95.hu\/wp-content\/uploads\/2020\/08\/projektjeink_2-80x80.jpg 80w, https:\/\/pharos95.hu\/wp-content\/uploads\/2020\/08\/projektjeink_2-768x768.jpg 768w, https:\/\/pharos95.hu\/wp-content\/uploads\/2020\/08\/projektjeink_2-36x36.jpg 36w, https:\/\/pharos95.hu\/wp-content\/uploads\/2020\/08\/projektjeink_2-180x180.jpg 180w, https:\/\/pharos95.hu\/wp-content\/uploads\/2020\/08\/projektjeink_2-705x705.jpg 705w\" data-sizes=\"(max-width: 779px) 100vw, 779px\"  aria-label=\"image image with no title\"  id='av-masonry-1-item-1448' data-av-masonry-item='1448' class='av-masonry-entry isotope-item post-1448 attachment type-attachment status-inherit hentry  av-masonry-item-with-image' title=\"\" alt=\"\"   itemprop=\"thumbnailUrl\" ><div class='av-inner-masonry-sizer'><\/div><figure class='av-inner-masonry main_color'><div class=\"av-masonry-outerimage-container\"><div class='av-masonry-image-container' style=\"background-image: url(https:\/\/pharos95.hu\/wp-content\/uploads\/2020\/08\/projektjeink_2-705x705.jpg);\"  ><\/div><\/div><figcaption class='av-inner-masonry-content site-background'><div class='av-inner-masonry-content-pos'><div class='av-inner-masonry-content-pos-content'><div class='avia-arrow'><\/div><h3 class='av-masonry-entry-title entry-title '  itemprop=\"headline\" ><\/h3><div class='av-masonry-entry-content entry-content'  itemprop=\"text\" >Building construction<\/div><\/div><\/div><\/figcaption><\/figure><\/a><!--end av-masonry entry--><a href=\"https:\/\/pharos95.hu\/wp-content\/uploads\/2020\/08\/projektjeink_1.jpg\" data-srcset=\"https:\/\/pharos95.hu\/wp-content\/uploads\/2020\/08\/projektjeink_1.jpg 779w, https:\/\/pharos95.hu\/wp-content\/uploads\/2020\/08\/projektjeink_1-300x300.jpg 300w, https:\/\/pharos95.hu\/wp-content\/uploads\/2020\/08\/projektjeink_1-80x80.jpg 80w, https:\/\/pharos95.hu\/wp-content\/uploads\/2020\/08\/projektjeink_1-768x768.jpg 768w, https:\/\/pharos95.hu\/wp-content\/uploads\/2020\/08\/projektjeink_1-36x36.jpg 36w, https:\/\/pharos95.hu\/wp-content\/uploads\/2020\/08\/projektjeink_1-180x180.jpg 180w, https:\/\/pharos95.hu\/wp-content\/uploads\/2020\/08\/projektjeink_1-705x705.jpg 705w\" data-sizes=\"(max-width: 779px) 100vw, 779px\"  aria-label=\"image image with no title\"  id='av-masonry-1-item-1447' data-av-masonry-item='1447' class='av-masonry-entry isotope-item post-1447 attachment type-attachment status-inherit hentry  av-masonry-item-with-image' title=\"\" alt=\"\"   itemprop=\"thumbnailUrl\" ><div class='av-inner-masonry-sizer'><\/div><figure class='av-inner-masonry main_color'><div class=\"av-masonry-outerimage-container\"><div class='av-masonry-image-container' style=\"background-image: url(https:\/\/pharos95.hu\/wp-content\/uploads\/2020\/08\/projektjeink_1-705x705.jpg);\"  ><\/div><\/div><figcaption class='av-inner-masonry-content site-background'><div class='av-inner-masonry-content-pos'><div class='av-inner-masonry-content-pos-content'><div class='avia-arrow'><\/div><h3 class='av-masonry-entry-title entry-title '  itemprop=\"headline\" ><\/h3><div class='av-masonry-entry-content entry-content'  itemprop=\"text\" >Sports fields<\/div><\/div><\/div><\/figcaption><\/figure><\/a><!--end av-masonry entry--><a href=\"https:\/\/pharos95.hu\/wp-content\/uploads\/2020\/08\/projektjeink_3.jpg\" data-srcset=\"https:\/\/pharos95.hu\/wp-content\/uploads\/2020\/08\/projektjeink_3.jpg 779w, https:\/\/pharos95.hu\/wp-content\/uploads\/2020\/08\/projektjeink_3-300x300.jpg 300w, https:\/\/pharos95.hu\/wp-content\/uploads\/2020\/08\/projektjeink_3-80x80.jpg 80w, https:\/\/pharos95.hu\/wp-content\/uploads\/2020\/08\/projektjeink_3-768x768.jpg 768w, https:\/\/pharos95.hu\/wp-content\/uploads\/2020\/08\/projektjeink_3-36x36.jpg 36w, https:\/\/pharos95.hu\/wp-content\/uploads\/2020\/08\/projektjeink_3-180x180.jpg 180w, https:\/\/pharos95.hu\/wp-content\/uploads\/2020\/08\/projektjeink_3-705x705.jpg 705w\" data-sizes=\"(max-width: 779px) 100vw, 779px\"  aria-label=\"image image with no title\"  id='av-masonry-1-item-1449' data-av-masonry-item='1449' class='av-masonry-entry isotope-item post-1449 attachment type-attachment status-inherit hentry  av-masonry-item-with-image' title=\"\" alt=\"\"   itemprop=\"thumbnailUrl\" ><div class='av-inner-masonry-sizer'><\/div><figure class='av-inner-masonry main_color'><div class=\"av-masonry-outerimage-container\"><div class='av-masonry-image-container' style=\"background-image: url(https:\/\/pharos95.hu\/wp-content\/uploads\/2020\/08\/projektjeink_3-705x705.jpg);\"  ><\/div><\/div><figcaption class='av-inner-masonry-content site-background'><div class='av-inner-masonry-content-pos'><div class='av-inner-masonry-content-pos-content'><div class='avia-arrow'><\/div><h3 class='av-masonry-entry-title entry-title '  itemprop=\"headline\" ><\/h3><div class='av-masonry-entry-content entry-content'  itemprop=\"text\" >Testimonials<\/div><\/div><\/div><\/figcaption><\/figure><\/a><!--end av-masonry entry--><\/div><\/div>\n\n","protected":false},"excerpt":{"rendered":"","protected":false},"author":1,"featured_media":0,"parent":0,"menu_order":0,"comment_status":"closed","ping_status":"closed","template":"","meta":{"footnotes":""},"class_list":["post-1752","page","type-page","status-publish","hentry"],"yoast_head":"<!-- This site is optimized with the Yoast SEO plugin v24.6 - https:\/\/yoast.com\/wordpress\/plugins\/seo\/ -->\n<title>Projects - Pharos95<\/title>\n<meta name=\"description\" content=\"Building construction, Sports fields, Testimonials\" \/>\n<meta name=\"robots\" content=\"index, follow, max-snippet:-1, max-image-preview:large, max-video-preview:-1\" \/>\n<link rel=\"canonical\" href=\"https:\/\/pharos95.hu\/en\/projects\/\" \/>\n<meta property=\"og:locale\" content=\"en_US\" \/>\n<meta property=\"og:type\" content=\"article\" \/>\n<meta property=\"og:title\" content=\"Projektjeink\" \/>\n<meta property=\"og:description\" content=\"A Pharos95 projektjei k\u00f6z\u00e9 tartozik a magas\u00e9p\u00edt\u00e9s, sportp\u00e1lya \u00e9p\u00edt\u00e9s, csatorn\u00e1z\u00e1s \u00e9s m\u00e9ly\u00e9p\u00edt\u00e9s.\" \/>\n<meta property=\"og:url\" content=\"https:\/\/pharos95.hu\/en\/projects\/\" \/>\n<meta property=\"og:site_name\" content=\"Pharos95\" \/>\n<meta property=\"article:modified_time\" content=\"2020-11-26T10:41:05+00:00\" \/>\n<meta property=\"og:image\" content=\"https:\/\/pharos95.hu\/wp-content\/uploads\/2020\/08\/facebook.jpg\" \/>\n\t<meta property=\"og:image:width\" content=\"1200\" \/>\n\t<meta property=\"og:image:height\" content=\"630\" \/>\n\t<meta property=\"og:image:type\" content=\"image\/jpeg\" \/>\n<meta name=\"twitter:card\" content=\"summary_large_image\" \/>\n<meta name=\"twitter:label1\" content=\"Est. reading time\" \/>\n\t<meta name=\"twitter:data1\" content=\"2 minutes\" \/>\n<script type=\"application\/ld+json\" class=\"yoast-schema-graph\">{\"@context\":\"https:\/\/schema.org\",\"@graph\":[{\"@type\":\"WebPage\",\"@id\":\"https:\/\/pharos95.hu\/en\/projects\/\",\"url\":\"https:\/\/pharos95.hu\/en\/projects\/\",\"name\":\"Projects - Pharos95\",\"isPartOf\":{\"@id\":\"https:\/\/pharos95.hu\/#website\"},\"datePublished\":\"2020-08-12T06:46:35+00:00\",\"dateModified\":\"2020-11-26T10:41:05+00:00\",\"description\":\"Building construction, Sports fields, Testimonials\",\"breadcrumb\":{\"@id\":\"https:\/\/pharos95.hu\/en\/projects\/#breadcrumb\"},\"inLanguage\":\"en-US\",\"potentialAction\":[{\"@type\":\"ReadAction\",\"target\":[\"https:\/\/pharos95.hu\/en\/projects\/\"]}]},{\"@type\":\"BreadcrumbList\",\"@id\":\"https:\/\/pharos95.hu\/en\/projects\/#breadcrumb\",\"itemListElement\":[{\"@type\":\"ListItem\",\"position\":1,\"name\":\"Kezd\u0151lap\",\"item\":\"https:\/\/pharos95.hu\/en\/\"},{\"@type\":\"ListItem\",\"position\":2,\"name\":\"Projects\"}]},{\"@type\":\"WebSite\",\"@id\":\"https:\/\/pharos95.hu\/#website\",\"url\":\"https:\/\/pharos95.hu\/\",\"name\":\"Pharos95\",\"description\":\"\u00c9p\u00edt\u0151 ipari kivitelez\u00e9s a min\u0151s\u00e9g \u00e9s a megbizhat\u00f3s\u00e1g jegy\u00e9ben.\",\"potentialAction\":[{\"@type\":\"SearchAction\",\"target\":{\"@type\":\"EntryPoint\",\"urlTemplate\":\"https:\/\/pharos95.hu\/?s={search_term_string}\"},\"query-input\":{\"@type\":\"PropertyValueSpecification\",\"valueRequired\":true,\"valueName\":\"search_term_string\"}}],\"inLanguage\":\"en-US\"}]}<\/script>\n<!-- \/ Yoast SEO plugin. -->","yoast_head_json":{"title":"Projects - Pharos95","description":"Building construction, Sports fields, Testimonials","robots":{"index":"index","follow":"follow","max-snippet":"max-snippet:-1","max-image-preview":"max-image-preview:large","max-video-preview":"max-video-preview:-1"},"canonical":"https:\/\/pharos95.hu\/en\/projects\/","og_locale":"en_US","og_type":"article","og_title":"Projektjeink","og_description":"A Pharos95 projektjei k\u00f6z\u00e9 tartozik a magas\u00e9p\u00edt\u00e9s, sportp\u00e1lya \u00e9p\u00edt\u00e9s, csatorn\u00e1z\u00e1s \u00e9s m\u00e9ly\u00e9p\u00edt\u00e9s.","og_url":"https:\/\/pharos95.hu\/en\/projects\/","og_site_name":"Pharos95","article_modified_time":"2020-11-26T10:41:05+00:00","og_image":[{"width":1200,"height":630,"url":"https:\/\/pharos95.hu\/wp-content\/uploads\/2020\/08\/facebook.jpg","type":"image\/jpeg"}],"twitter_card":"summary_large_image","twitter_misc":{"Est. reading time":"2 minutes"},"schema":{"@context":"https:\/\/schema.org","@graph":[{"@type":"WebPage","@id":"https:\/\/pharos95.hu\/en\/projects\/","url":"https:\/\/pharos95.hu\/en\/projects\/","name":"Projects - Pharos95","isPartOf":{"@id":"https:\/\/pharos95.hu\/#website"},"datePublished":"2020-08-12T06:46:35+00:00","dateModified":"2020-11-26T10:41:05+00:00","description":"Building construction, Sports fields, Testimonials","breadcrumb":{"@id":"https:\/\/pharos95.hu\/en\/projects\/#breadcrumb"},"inLanguage":"en-US","potentialAction":[{"@type":"ReadAction","target":["https:\/\/pharos95.hu\/en\/projects\/"]}]},{"@type":"BreadcrumbList","@id":"https:\/\/pharos95.hu\/en\/projects\/#breadcrumb","itemListElement":[{"@type":"ListItem","position":1,"name":"Kezd\u0151lap","item":"https:\/\/pharos95.hu\/en\/"},{"@type":"ListItem","position":2,"name":"Projects"}]},{"@type":"WebSite","@id":"https:\/\/pharos95.hu\/#website","url":"https:\/\/pharos95.hu\/","name":"Pharos95","description":"\u00c9p\u00edt\u0151 ipari kivitelez\u00e9s a min\u0151s\u00e9g \u00e9s a megbizhat\u00f3s\u00e1g jegy\u00e9ben.","potentialAction":[{"@type":"SearchAction","target":{"@type":"EntryPoint","urlTemplate":"https:\/\/pharos95.hu\/?s={search_term_string}"},"query-input":{"@type":"PropertyValueSpecification","valueRequired":true,"valueName":"search_term_string"}}],"inLanguage":"en-US"}]}},"_links":{"self":[{"href":"https:\/\/pharos95.hu\/en\/wp-json\/wp\/v2\/pages\/1752","targetHints":{"allow":["GET"]}}],"collection":[{"href":"https:\/\/pharos95.hu\/en\/wp-json\/wp\/v2\/pages"}],"about":[{"href":"https:\/\/pharos95.hu\/en\/wp-json\/wp\/v2\/types\/page"}],"author":[{"embeddable":true,"href":"https:\/\/pharos95.hu\/en\/wp-json\/wp\/v2\/users\/1"}],"replies":[{"embeddable":true,"href":"https:\/\/pharos95.hu\/en\/wp-json\/wp\/v2\/comments?post=1752"}],"version-history":[{"count":6,"href":"https:\/\/pharos95.hu\/en\/wp-json\/wp\/v2\/pages\/1752\/revisions"}],"predecessor-version":[{"id":1910,"href":"https:\/\/pharos95.hu\/en\/wp-json\/wp\/v2\/pages\/1752\/revisions\/1910"}],"wp:attachment":[{"href":"https:\/\/pharos95.hu\/en\/wp-json\/wp\/v2\/media?parent=1752"}],"curies":[{"name":"wp","href":"https:\/\/api.w.org\/{rel}","templated":true}]}}