{"id":1724,"date":"2020-08-12T13:59:07","date_gmt":"2020-08-12T13:59:07","guid":{"rendered":"https:\/\/pharos95.hu\/kapcsolat\/"},"modified":"2020-11-26T10:31:59","modified_gmt":"2020-11-26T09:31:59","slug":"contact","status":"publish","type":"page","link":"https:\/\/pharos95.hu\/en\/contact\/","title":{"rendered":"Contact"},"content":{"rendered":"<div id='full_slider_1'  class='avia-fullwidth-slider main_color avia-shadow   avia-builder-el-0  el_before_av_one_full  avia-builder-el-first   container_wrap fullsize'  ><div   data-size='featured'  data-lightbox_size='large'  data-animation='slide'  data-conditional_play=''  data-ids='546'  data-video_counter='0'  data-autoplay='false'  data-bg_slider='false'  data-slide_height=''  data-handle='av_slideshow_full'  data-interval='5'  data-class=' '  data-el_id=''  data-css_id=''  data-scroll_down=''  data-control_layout='av-control-default'  data-custom_markup=''  data-perma_caption=''  data-autoplay_stopper=''  data-image_attachment=''  data-min_height='0px'  data-lazy_loading='disabled'  data-src=''  data-position='bottom right'  data-repeat='no-repeat'  data-attach='scroll'  data-stretch=''  data-img_scrset=''  data-default-height='28.666666666667'  class='avia-slideshow avia-slideshow-1  av-control-default av-default-height-applied avia-slideshow-featured av_slideshow_full   avia-slide-slider '  itemprop=\"image\" itemscope=\"itemscope\" itemtype=\"https:\/\/schema.org\/ImageObject\" ><ul class='avia-slideshow-inner ' style='padding-bottom: 28.666666666667%;' ><li  class=' av-single-slide slide-1 ' ><div data-rel='slideshow-1' class='avia-slide-wrap '   ><div class = \"caption_fullwidth av-slideshow-caption caption_center\"><div class = \"container caption_container\"><div class = \"slideshow_caption\"><div class = \"slideshow_inner_caption\"><div class = \"slideshow_align_caption\"><h1  style='font-size:50px; color:#ffffff; ' class='avia-caption-title  '  itemprop=\"name\" >Contact<span style=\"color: 77b62f;\">.<\/span><br \/><\/h1><\/div><\/div><\/div><\/div><\/div><img decoding=\"async\" class=\"wp-image-1490 avia-img-lazy-loading-not-1490\"  src=\"https:\/\/pharos95.hu\/wp-content\/uploads\/2020\/08\/kapcsolat-1500x430.png\" width=\"1500\" height=\"430\" title='' alt='Contact'  itemprop=\"thumbnailUrl\"   \/><\/div><\/li><\/ul><\/div><\/div><div id='after_full_slider_1'  class='main_color av_default_container_wrap container_wrap fullsize'  ><div class='container av-section-cont-open' ><div class='template-page content  av-content-full alpha units'><div class='post-entry post-entry-type-page post-entry-1724'><div class='entry-content-wrapper clearfix'>\n\n<style type=\"text\/css\" data-created_by=\"avia_inline_auto\" id=\"style-css-av-bledv-be557503f165adeb229a2a10b87d1c29\">\n.flex_column.av-bledv-be557503f165adeb229a2a10b87d1c29{\nborder-radius:0px 0px 0px 0px;\n-webkit-border-radius:0px 0px 0px 0px;\n-moz-border-radius:0px 0px 0px 0px;\n}\n<\/style>\n<div class='flex_column av-bledv-be557503f165adeb229a2a10b87d1c29 av_one_full  avia-builder-el-1  el_after_av_slideshow_full  el_before_av_section  avia-builder-el-no-sibling  first flex_column_div av-zero-column-padding '   ><section  class='av_textblock_section av-kdrgecef-ce849b030894e65fab03de2ece04a37a'  itemscope=\"itemscope\" itemtype=\"https:\/\/schema.org\/CreativeWork\" ><div class='avia_textblock google_map'  itemprop=\"text\" ><p style=\"text-align: center;\"><iframe loading=\"lazy\" style=\"border: 0;\" tabindex=\"0\" src=\"https:\/\/www.google.com\/maps\/embed?pb=!1m18!1m12!1m3!1d2705.220218830175!2d19.03659891581321!3d47.3100362164102!2m3!1f0!2f0!3f0!3m2!1i1024!2i768!4f13.1!3m3!1m2!1s0x4741ef0d8f1d4f89%3A0x38a0d0dcd56f5564!2sPharos%2095%20Kft.!5e0!3m2!1shu!2shu!4v1597241551235!5m2!1shu!2shu\" width=\"100%\" height=\"300px\" frameborder=\"0\" allowfullscreen=\"allowfullscreen\" aria-hidden=\"false\"><\/iframe><\/p>\n<\/div><\/section><\/div>\n<\/div><\/div><\/div><!-- close content main div --><\/div><\/div>\n<style type=\"text\/css\" data-created_by=\"avia_inline_auto\" id=\"style-css-av-kdrgoh4e-1b2a80625fc967651b2f208ecf9ba759\">\n.avia-section.av-kdrgoh4e-1b2a80625fc967651b2f208ecf9ba759{\nbackground-color:#ffffff;\n}\n<\/style>\n<div id='av_section_1'  class='avia-section av-kdrgoh4e-1b2a80625fc967651b2f208ecf9ba759 main_color avia-section-default avia-no-border-styling  avia-builder-el-3  el_after_av_one_full  avia-builder-el-last  avia-bg-style-scroll container_wrap fullsize'  ><div class='container av-section-cont-open' ><div class='template-page content  av-content-full alpha units'><div class='post-entry post-entry-type-page post-entry-1724'><div class='entry-content-wrapper clearfix'>\n\n<style type=\"text\/css\" data-created_by=\"avia_inline_auto\" id=\"style-css-av-ht1b7-8069c6fb32dcff4ab2f6262cf8f4490d\">\n.flex_column.av-ht1b7-8069c6fb32dcff4ab2f6262cf8f4490d{\nborder-radius:0px 0px 0px 0px;\n-webkit-border-radius:0px 0px 0px 0px;\n-moz-border-radius:0px 0px 0px 0px;\npadding:70px 0px 0px 0px;\n}\n<\/style>\n<div class='flex_column av-ht1b7-8069c6fb32dcff4ab2f6262cf8f4490d av_one_half  avia-builder-el-4  el_before_av_one_half  avia-builder-el-first  first flex_column_div '   ><p>\n<style type=\"text\/css\" data-created_by=\"avia_inline_auto\" id=\"style-css-av-khx94yij-6ee8aaff0c2704b0b392dbf1317ed144\">\n#top .av-special-heading.av-khx94yij-6ee8aaff0c2704b0b392dbf1317ed144{\npadding-bottom:10px;\nfont-size:30px;\n}\nbody .av-special-heading.av-khx94yij-6ee8aaff0c2704b0b392dbf1317ed144 .av-special-heading-tag .heading-char{\nfont-size:25px;\n}\n#top #wrap_all .av-special-heading.av-khx94yij-6ee8aaff0c2704b0b392dbf1317ed144 .av-special-heading-tag{\nfont-size:30px;\n}\n.av-special-heading.av-khx94yij-6ee8aaff0c2704b0b392dbf1317ed144 .av-subheading{\nfont-size:15px;\n}\n<\/style>\n<div  class='av-special-heading av-khx94yij-6ee8aaff0c2704b0b392dbf1317ed144 av-special-heading-h3 blockquote modern-quote  avia-builder-el-5  el_before_av_hr  avia-builder-el-first  av-thin-font av-inherit-size'><h3 class='av-special-heading-tag'  itemprop=\"headline\"  ><strong>Contact details<\/strong><\/h3><div class=\"special-heading-border\"><div class=\"special-heading-inner-border\"><\/div><\/div><\/div><br \/>\n\n<style type=\"text\/css\" data-created_by=\"avia_inline_auto\" id=\"style-css-av-kdrgx8me-0fccd3d6578d8cc4720dc76d5306bdf8\">\n#top .hr.av-kdrgx8me-0fccd3d6578d8cc4720dc76d5306bdf8{\nmargin-top:20px;\nmargin-bottom:30px;\n}\n.hr.av-kdrgx8me-0fccd3d6578d8cc4720dc76d5306bdf8 .hr-inner{\nwidth:50px;\nborder-color:#77b62f;\n}\n<\/style>\n<div  class='hr av-kdrgx8me-0fccd3d6578d8cc4720dc76d5306bdf8 hr-custom  avia-builder-el-6  el_after_av_heading  el_before_av_iconlist  hr-left hr-icon-no'><span class='hr-inner inner-border-av-border-fat'><span class=\"hr-inner-style\"><\/span><\/span><\/div><br \/>\n\n<style type=\"text\/css\" data-created_by=\"avia_inline_auto\" id=\"style-css-av-kdu25f5b-ed77321519afaca8827639b602ccf327\">\n#top .avia-icon-list-container.av-kdu25f5b-ed77321519afaca8827639b602ccf327 .iconlist_icon{\ncolor:#006432;\nbackground-color:#ffffff;\n}\n<\/style>\n<div  class='avia-icon-list-container av-kdu25f5b-ed77321519afaca8827639b602ccf327  avia-builder-el-7  el_after_av_hr  avia-builder-el-last '><ul class='avia-icon-list avia_animate_when_almost_visible avia-icon-list-left av-iconlist-big av-kdu25f5b-ed77321519afaca8827639b602ccf327 avia-iconlist-animate'>\n<li><div class='iconlist_icon av-l3h77-82cf6b276e7e4b4a15c686de28c5e79f avia-font-entypo-fontello'><span class='iconlist-char' aria-hidden='true' data-av_icon='\ue854' data-av_iconfont='entypo-fontello'><\/span><\/div><article class=\"article-icon-entry \"  itemscope=\"itemscope\" itemtype=\"https:\/\/schema.org\/CreativeWork\" ><div class=\"iconlist_content_wrap\"><header class=\"entry-content-header\"><\/header><div class='iconlist_content '  itemprop=\"text\" ><p><a href=\"tel:+3624484030\">+36 24 484-030<\/a><\/p>\n<\/div><\/div><footer class=\"entry-footer\"><\/footer><\/article><div class=\"iconlist-timeline\"><\/div><\/li>\n<li><div class='iconlist_icon av-d5zf7-fc770402ecc80fac167210f62ad098f4 avia-font-entypo-fontello'><span class='iconlist-char' aria-hidden='true' data-av_icon='\ue805' data-av_iconfont='entypo-fontello'><\/span><\/div><article class=\"article-icon-entry \"  itemscope=\"itemscope\" itemtype=\"https:\/\/schema.org\/CreativeWork\" ><div class=\"iconlist_content_wrap\"><header class=\"entry-content-header\"><\/header><div class='iconlist_content '  itemprop=\"text\" ><p><a href=\"mailto:pharos95@pharos95.hu\">pharos95@pharos95.hu<\/a><\/p>\n<\/div><\/div><footer class=\"entry-footer\"><\/footer><\/article><div class=\"iconlist-timeline\"><\/div><\/li>\n<li><div class='iconlist_icon av-awziz-56b8a2182f56edab0ef05cd47329b74a avia-font-entypo-fontello'><span class='iconlist-char' aria-hidden='true' data-av_icon='\ue842' data-av_iconfont='entypo-fontello'><\/span><\/div><article class=\"article-icon-entry \"  itemscope=\"itemscope\" itemtype=\"https:\/\/schema.org\/CreativeWork\" ><div class=\"iconlist_content_wrap\"><header class=\"entry-content-header\"><\/header><div class='iconlist_content '  itemprop=\"text\" ><p>2336 Dunavars\u00e1ny, 510-es f\u0151\u00fat<\/p>\n<\/div><\/div><footer class=\"entry-footer\"><\/footer><\/article><div class=\"iconlist-timeline\"><\/div><\/li>\n<\/ul><\/div><\/p><\/div>\n<style type=\"text\/css\" data-created_by=\"avia_inline_auto\" id=\"style-css-av-76n3v-3918830cd6a58f861f79025fe754c006\">\n.flex_column.av-76n3v-3918830cd6a58f861f79025fe754c006{\nborder-radius:0px 0px 0px 0px;\n-webkit-border-radius:0px 0px 0px 0px;\n-moz-border-radius:0px 0px 0px 0px;\npadding:30px 30px 30px 30px;\nbackground-color:#006432;\n}\n<\/style>\n<div class='flex_column av-76n3v-3918830cd6a58f861f79025fe754c006 av_one_half  avia-builder-el-8  el_after_av_one_half  avia-builder-el-last  flex_column_div '   ><\/div>\n","protected":false},"excerpt":{"rendered":"","protected":false},"author":1,"featured_media":0,"parent":0,"menu_order":0,"comment_status":"closed","ping_status":"closed","template":"","meta":{"footnotes":""},"class_list":["post-1724","page","type-page","status-publish","hentry"],"yoast_head":"<!-- This site is optimized with the Yoast SEO plugin v24.6 - https:\/\/yoast.com\/wordpress\/plugins\/seo\/ -->\n<title>Contact - Pharos95<\/title>\n<meta name=\"robots\" content=\"index, follow, max-snippet:-1, max-image-preview:large, max-video-preview:-1\" \/>\n<link rel=\"canonical\" href=\"https:\/\/pharos95.hu\/en\/contact\/\" \/>\n<meta property=\"og:locale\" content=\"en_US\" \/>\n<meta property=\"og:type\" content=\"article\" \/>\n<meta property=\"og:title\" content=\"Contact - Pharos95\" \/>\n<meta property=\"og:url\" content=\"https:\/\/pharos95.hu\/en\/contact\/\" \/>\n<meta property=\"og:site_name\" content=\"Pharos95\" \/>\n<meta property=\"article:modified_time\" content=\"2020-11-26T09:31:59+00:00\" \/>\n<meta property=\"og:image\" content=\"https:\/\/pharos95.hu\/wp-content\/uploads\/2020\/08\/facebook.jpg\" \/>\n\t<meta property=\"og:image:width\" content=\"1200\" \/>\n\t<meta property=\"og:image:height\" content=\"630\" \/>\n\t<meta property=\"og:image:type\" content=\"image\/jpeg\" \/>\n<meta name=\"twitter:card\" content=\"summary_large_image\" \/>\n<meta name=\"twitter:label1\" content=\"Est. reading time\" \/>\n\t<meta name=\"twitter:data1\" content=\"5 minutes\" \/>\n<script type=\"application\/ld+json\" class=\"yoast-schema-graph\">{\"@context\":\"https:\/\/schema.org\",\"@graph\":[{\"@type\":\"WebPage\",\"@id\":\"https:\/\/pharos95.hu\/en\/contact\/\",\"url\":\"https:\/\/pharos95.hu\/en\/contact\/\",\"name\":\"Contact - Pharos95\",\"isPartOf\":{\"@id\":\"https:\/\/pharos95.hu\/#website\"},\"datePublished\":\"2020-08-12T13:59:07+00:00\",\"dateModified\":\"2020-11-26T09:31:59+00:00\",\"breadcrumb\":{\"@id\":\"https:\/\/pharos95.hu\/en\/contact\/#breadcrumb\"},\"inLanguage\":\"en-US\",\"potentialAction\":[{\"@type\":\"ReadAction\",\"target\":[\"https:\/\/pharos95.hu\/en\/contact\/\"]}]},{\"@type\":\"BreadcrumbList\",\"@id\":\"https:\/\/pharos95.hu\/en\/contact\/#breadcrumb\",\"itemListElement\":[{\"@type\":\"ListItem\",\"position\":1,\"name\":\"Kezd\u0151lap\",\"item\":\"https:\/\/pharos95.hu\/en\/\"},{\"@type\":\"ListItem\",\"position\":2,\"name\":\"Contact\"}]},{\"@type\":\"WebSite\",\"@id\":\"https:\/\/pharos95.hu\/#website\",\"url\":\"https:\/\/pharos95.hu\/\",\"name\":\"Pharos95\",\"description\":\"\u00c9p\u00edt\u0151 ipari kivitelez\u00e9s a min\u0151s\u00e9g \u00e9s a megbizhat\u00f3s\u00e1g jegy\u00e9ben.\",\"potentialAction\":[{\"@type\":\"SearchAction\",\"target\":{\"@type\":\"EntryPoint\",\"urlTemplate\":\"https:\/\/pharos95.hu\/?s={search_term_string}\"},\"query-input\":{\"@type\":\"PropertyValueSpecification\",\"valueRequired\":true,\"valueName\":\"search_term_string\"}}],\"inLanguage\":\"en-US\"}]}<\/script>\n<!-- \/ Yoast SEO plugin. -->","yoast_head_json":{"title":"Contact - Pharos95","robots":{"index":"index","follow":"follow","max-snippet":"max-snippet:-1","max-image-preview":"max-image-preview:large","max-video-preview":"max-video-preview:-1"},"canonical":"https:\/\/pharos95.hu\/en\/contact\/","og_locale":"en_US","og_type":"article","og_title":"Contact - Pharos95","og_url":"https:\/\/pharos95.hu\/en\/contact\/","og_site_name":"Pharos95","article_modified_time":"2020-11-26T09:31:59+00:00","og_image":[{"width":1200,"height":630,"url":"https:\/\/pharos95.hu\/wp-content\/uploads\/2020\/08\/facebook.jpg","type":"image\/jpeg"}],"twitter_card":"summary_large_image","twitter_misc":{"Est. reading time":"5 minutes"},"schema":{"@context":"https:\/\/schema.org","@graph":[{"@type":"WebPage","@id":"https:\/\/pharos95.hu\/en\/contact\/","url":"https:\/\/pharos95.hu\/en\/contact\/","name":"Contact - Pharos95","isPartOf":{"@id":"https:\/\/pharos95.hu\/#website"},"datePublished":"2020-08-12T13:59:07+00:00","dateModified":"2020-11-26T09:31:59+00:00","breadcrumb":{"@id":"https:\/\/pharos95.hu\/en\/contact\/#breadcrumb"},"inLanguage":"en-US","potentialAction":[{"@type":"ReadAction","target":["https:\/\/pharos95.hu\/en\/contact\/"]}]},{"@type":"BreadcrumbList","@id":"https:\/\/pharos95.hu\/en\/contact\/#breadcrumb","itemListElement":[{"@type":"ListItem","position":1,"name":"Kezd\u0151lap","item":"https:\/\/pharos95.hu\/en\/"},{"@type":"ListItem","position":2,"name":"Contact"}]},{"@type":"WebSite","@id":"https:\/\/pharos95.hu\/#website","url":"https:\/\/pharos95.hu\/","name":"Pharos95","description":"\u00c9p\u00edt\u0151 ipari kivitelez\u00e9s a min\u0151s\u00e9g \u00e9s a megbizhat\u00f3s\u00e1g jegy\u00e9ben.","potentialAction":[{"@type":"SearchAction","target":{"@type":"EntryPoint","urlTemplate":"https:\/\/pharos95.hu\/?s={search_term_string}"},"query-input":{"@type":"PropertyValueSpecification","valueRequired":true,"valueName":"search_term_string"}}],"inLanguage":"en-US"}]}},"_links":{"self":[{"href":"https:\/\/pharos95.hu\/en\/wp-json\/wp\/v2\/pages\/1724","targetHints":{"allow":["GET"]}}],"collection":[{"href":"https:\/\/pharos95.hu\/en\/wp-json\/wp\/v2\/pages"}],"about":[{"href":"https:\/\/pharos95.hu\/en\/wp-json\/wp\/v2\/types\/page"}],"author":[{"embeddable":true,"href":"https:\/\/pharos95.hu\/en\/wp-json\/wp\/v2\/users\/1"}],"replies":[{"embeddable":true,"href":"https:\/\/pharos95.hu\/en\/wp-json\/wp\/v2\/comments?post=1724"}],"version-history":[{"count":3,"href":"https:\/\/pharos95.hu\/en\/wp-json\/wp\/v2\/pages\/1724\/revisions"}],"predecessor-version":[{"id":1872,"href":"https:\/\/pharos95.hu\/en\/wp-json\/wp\/v2\/pages\/1724\/revisions\/1872"}],"wp:attachment":[{"href":"https:\/\/pharos95.hu\/en\/wp-json\/wp\/v2\/media?parent=1724"}],"curies":[{"name":"wp","href":"https:\/\/api.w.org\/{rel}","templated":true}]}}