{"id":1701,"date":"2020-09-10T06:51:54","date_gmt":"2020-09-10T06:51:54","guid":{"rendered":"https:\/\/pharos95.hu\/tortenetunk\/"},"modified":"2020-11-26T10:38:24","modified_gmt":"2020-11-26T09:38:24","slug":"our-history","status":"publish","type":"page","link":"https:\/\/pharos95.hu\/en\/our-history\/","title":{"rendered":"Our history"},"content":{"rendered":"<div id='full_slider_1'  class='avia-fullwidth-slider main_color avia-shadow   avia-builder-el-0  el_before_av_section  avia-builder-el-first   container_wrap fullsize'  ><div   data-size='featured'  data-lightbox_size='large'  data-animation='slide'  data-conditional_play=''  data-ids='780'  data-video_counter='0'  data-autoplay='false'  data-bg_slider='false'  data-slide_height=''  data-handle='av_slideshow_full'  data-interval='5'  data-class=' '  data-el_id=''  data-css_id=''  data-scroll_down=''  data-control_layout='av-control-default'  data-custom_markup=''  data-perma_caption=''  data-autoplay_stopper=''  data-image_attachment=''  data-min_height='0px'  data-lazy_loading='disabled'  data-src=''  data-position='bottom right'  data-repeat='no-repeat'  data-attach='scroll'  data-stretch=''  data-img_scrset=''  data-default-height='28.666666666667'  class='avia-slideshow avia-slideshow-1  av-control-default av-default-height-applied avia-slideshow-featured av_slideshow_full   avia-slide-slider '  itemprop=\"image\" itemscope=\"itemscope\" itemtype=\"https:\/\/schema.org\/ImageObject\" ><ul class='avia-slideshow-inner ' style='padding-bottom: 28.666666666667%;' ><li  class=' av-single-slide slide-1 ' ><div data-rel='slideshow-1' class='avia-slide-wrap '   ><div class = \"caption_fullwidth av-slideshow-caption caption_center\"><div class = \"container caption_container\"><div class = \"slideshow_caption\"><div class = \"slideshow_inner_caption\"><div class = \"slideshow_align_caption\"><h1  style='font-size:50px; color:#ffffff; ' class='avia-caption-title   av-mini-font-size-overwrite av-mini-font-size-40'  itemprop=\"name\" >Our history<span style=\"color: 77b62f;\">.<\/span><br \/><\/h1><\/div><\/div><\/div><\/div><\/div><img decoding=\"async\" class=\"wp-image-1552 avia-img-lazy-loading-not-1552\"  src=\"https:\/\/pharos95.hu\/wp-content\/uploads\/2020\/09\/tortenetunk-1500x430.png\" width=\"1500\" height=\"430\" title='' alt='football'  itemprop=\"thumbnailUrl\"   \/><div class='av-section-color-overlay' style='opacity: 0.5; background-color: #000000; '><\/div><\/div><\/li><\/ul><\/div><\/div>\n<div id='av_section_1'  class='avia-section av-uu5u-e7c1d3723dbeb0079eb4a49f9a1995d6 main_color avia-section-default avia-no-border-styling  avia-builder-el-1  el_after_av_slideshow_full  el_before_av_layout_row  avia-bg-style-scroll container_wrap fullsize'  ><div class='container av-section-cont-open' ><div class='template-page content  av-content-full alpha units'><div class='post-entry post-entry-type-page post-entry-1701'><div class='entry-content-wrapper clearfix'>\n\n<style type=\"text\/css\" data-created_by=\"avia_inline_auto\" id=\"style-css-av-8y3i2-9cf96dd5389105a2b8534add98b2b655\">\n.flex_column.av-8y3i2-9cf96dd5389105a2b8534add98b2b655{\nborder-radius:0px 0px 0px 0px;\n-webkit-border-radius:0px 0px 0px 0px;\n-moz-border-radius:0px 0px 0px 0px;\n}\n<\/style>\n<div class='flex_column av-8y3i2-9cf96dd5389105a2b8534add98b2b655 av_one_full  avia-builder-el-2  avia-builder-el-no-sibling  first flex_column_div av-zero-column-padding '   ><p>\n<style type=\"text\/css\" data-created_by=\"avia_inline_auto\" id=\"style-css-av-kgtc8g66-f5ff81ad71ba5d6f045635da8397d066\">\n.avia-image-container.av-kgtc8g66-f5ff81ad71ba5d6f045635da8397d066 .av-image-caption-overlay-center{\ncolor:#ffffff;\n}\n<\/style>\n<div  class='avia-image-container av-kgtc8g66-f5ff81ad71ba5d6f045635da8397d066 av-styling- avia-align-center  avia-builder-el-3  el_before_av_textblock  avia-builder-el-first '  itemprop=\"image\" itemscope=\"itemscope\" itemtype=\"https:\/\/schema.org\/ImageObject\" ><div class=\"avia-image-container-inner\"><div class=\"avia-image-overlay-wrap\"><img decoding=\"async\" class='wp-image-1663 avia-img-lazy-loading-not-1663 avia_image' src=\"https:\/\/pharos95.hu\/wp-content\/uploads\/2020\/10\/tortenetunk.jpg\" alt='Pharos95' title=''  height=\"756\" width=\"1920\"  itemprop=\"thumbnailUrl\" srcset=\"https:\/\/pharos95.hu\/wp-content\/uploads\/2020\/10\/tortenetunk.jpg 1920w, https:\/\/pharos95.hu\/wp-content\/uploads\/2020\/10\/tortenetunk-300x118.jpg 300w, https:\/\/pharos95.hu\/wp-content\/uploads\/2020\/10\/tortenetunk-1030x406.jpg 1030w, https:\/\/pharos95.hu\/wp-content\/uploads\/2020\/10\/tortenetunk-768x302.jpg 768w, https:\/\/pharos95.hu\/wp-content\/uploads\/2020\/10\/tortenetunk-1536x605.jpg 1536w, https:\/\/pharos95.hu\/wp-content\/uploads\/2020\/10\/tortenetunk-1500x591.jpg 1500w, https:\/\/pharos95.hu\/wp-content\/uploads\/2020\/10\/tortenetunk-705x278.jpg 705w\" sizes=\"(max-width: 1920px) 100vw, 1920px\" \/><\/div><\/div><\/div><br \/>\n<section  class='av_textblock_section av-kghspqqh-9d41272f1412a2dcb6aad1b0fb1877d8'  itemscope=\"itemscope\" itemtype=\"https:\/\/schema.org\/CreativeWork\" ><div class='avia_textblock'  itemprop=\"text\" ><p>Pharos 95 Kft. was established as a family enterprise in October 1995, when our site in Dunavars\u00e1ny was established, and a great journey began. In 2006 we received an excellent opportunity: we were tasked with the construction of a football pitch in Taksony using synthetic turf, which was still a brand new technology in Hungary at the time. Innovation has been a vital element of our credo ever since.<\/p>\n<p>Thanks to our outstanding references we were granted more and more projects, which also allowed us to make continuous improvements. The increasing number of tasks also necessitated an expansion of our machine park and our workforce. The opportunity to construct sports fields using natural turf accelerated this trend, since we introduced a new technology with it, which further added to our toolbox.<\/p>\n<p>We perfected our repertoire in building construction through the construction of gymnasiums and stadiums, an area in which we have become key players. It is a great honour for us that we were involved in the construction of the Pusk\u00e1s-, Pancho-, and Bozsik Stadiums, among others, as well as stadium projects in Mez\u0151k\u00f6vesd, Paks, and Szombathely. It also gives us great joy that through our work we have provided an opportunity for new generations to experience the pleasures of sport in a high-quality infrastructure. We are proud to have been able to contribute to the evolution of the Hungarian Football Academy, Debrecen Football Academy, and Pusk\u00e1s Ferenc Football Academy. Our company uses proprietary know-how and is also actively involved in environmental and charitable activities.<\/p>\n<p>Today, we are active not only in the area of sports; we also strive to take part in as grandiose and diverse building- and underground construction projects as possible. Our crown jewel is the S\u00e1ndor\u2013Metternich Chateau in Bajna, one of Hungary\u2019s most beautiful Classicist chateau complexes, whose renovation provided an opportunity to perfect a new profile for Pharos 95.<\/p>\n<p>In October 2020 we celebrated the 25th anniversary of our company. Thanks to our humble work these years have brought us continuous growth. Looking into the future we continue to say: Let\u2019s dream together!<\/p>\n<\/div><\/section><\/p><\/div>\n\n<\/div><\/div><\/div><!-- close content main div --><\/div><\/div><div id='av-layout-grid-1'  class='av-layout-grid-container av-edrhe-dc7ff3cf703ddfe868777376eb42f770 entry-content-wrapper main_color av-flex-cells  avia-builder-el-5  el_after_av_section  avia-builder-el-last  grid-row-not-first av-desktop-hide av-medium-hide av-small-hide av-mini-hide container_wrap fullsize'  >\n\n<style type=\"text\/css\" data-created_by=\"avia_inline_auto\" id=\"style-css-av-bovtu-9a0ede5188f212afe1ddfcda268821bc\">\n.flex_cell.av-bovtu-9a0ede5188f212afe1ddfcda268821bc{\nvertical-align:top;\npadding:40px 40px 40px 40px;\n}\n<\/style>\n<div class='flex_cell av_one_half av-bovtu-9a0ede5188f212afe1ddfcda268821bc no_margin  avia-builder-el-6  el_before_av_cell_one_half  avia-builder-el-first ' ><div class='flex_cell_inner'><\/div><\/div>\n<style type=\"text\/css\" data-created_by=\"avia_inline_auto\" id=\"style-css-av-kghsrm1f-2b612494971ca54b51ca592e565ac269\">\n.flex_cell.av-kghsrm1f-2b612494971ca54b51ca592e565ac269{\nvertical-align:top;\npadding:30px 30px 30px 30px;\nbackground:url(https:\/\/pharos95.hu\/wp-content\/uploads\/2020\/10\/tortenet-1603124403-285-1.jpg) 50% 50% no-repeat scroll ;\n}\n<\/style>\n<div class='flex_cell av_one_half av-kghsrm1f-2b612494971ca54b51ca592e565ac269 no_margin  avia-builder-el-7  el_after_av_cell_one_half  avia-builder-el-last ' ><div class='flex_cell_inner'><\/div><\/div>\n<\/div>\n","protected":false},"excerpt":{"rendered":"","protected":false},"author":1,"featured_media":0,"parent":0,"menu_order":0,"comment_status":"closed","ping_status":"closed","template":"","meta":{"footnotes":""},"class_list":["post-1701","page","type-page","status-publish","hentry"],"yoast_head":"<!-- This site is optimized with the Yoast SEO plugin v24.6 - https:\/\/yoast.com\/wordpress\/plugins\/seo\/ -->\n<title>Our history - Pharos95<\/title>\n<meta name=\"description\" content=\"Pharos 95 Kft. was established as a family enterprise in October 1995, when our site in Dunavars\u00e1ny was established, and a great journey began.\" \/>\n<meta name=\"robots\" content=\"index, follow, max-snippet:-1, max-image-preview:large, max-video-preview:-1\" \/>\n<link rel=\"canonical\" href=\"https:\/\/pharos95.hu\/en\/our-history\/\" \/>\n<meta property=\"og:locale\" content=\"en_US\" \/>\n<meta property=\"og:type\" content=\"article\" \/>\n<meta property=\"og:title\" content=\"Our history\" \/>\n<meta property=\"og:description\" content=\"Pharos 95 Kft. was established as a family enterprise in October 1995, when our site in Dunavars\u00e1ny was established, and a great journey began.\" \/>\n<meta property=\"og:url\" content=\"https:\/\/pharos95.hu\/en\/our-history\/\" \/>\n<meta property=\"og:site_name\" content=\"Pharos95\" \/>\n<meta property=\"article:modified_time\" content=\"2020-11-26T09:38:24+00:00\" \/>\n<meta property=\"og:image\" content=\"https:\/\/pharos95.hu\/wp-content\/uploads\/2020\/08\/facebook.jpg\" \/>\n\t<meta property=\"og:image:width\" content=\"1200\" \/>\n\t<meta property=\"og:image:height\" content=\"630\" \/>\n\t<meta property=\"og:image:type\" content=\"image\/jpeg\" \/>\n<meta name=\"twitter:card\" content=\"summary_large_image\" \/>\n<meta name=\"twitter:label1\" content=\"Est. reading time\" \/>\n\t<meta name=\"twitter:data1\" content=\"6 minutes\" \/>\n<script type=\"application\/ld+json\" class=\"yoast-schema-graph\">{\"@context\":\"https:\/\/schema.org\",\"@graph\":[{\"@type\":\"WebPage\",\"@id\":\"https:\/\/pharos95.hu\/en\/our-history\/\",\"url\":\"https:\/\/pharos95.hu\/en\/our-history\/\",\"name\":\"Our history - Pharos95\",\"isPartOf\":{\"@id\":\"https:\/\/pharos95.hu\/#website\"},\"datePublished\":\"2020-09-10T06:51:54+00:00\",\"dateModified\":\"2020-11-26T09:38:24+00:00\",\"description\":\"Pharos 95 Kft. was established as a family enterprise in October 1995, when our site in Dunavars\u00e1ny was established, and a great journey began.\",\"breadcrumb\":{\"@id\":\"https:\/\/pharos95.hu\/en\/our-history\/#breadcrumb\"},\"inLanguage\":\"en-US\",\"potentialAction\":[{\"@type\":\"ReadAction\",\"target\":[\"https:\/\/pharos95.hu\/en\/our-history\/\"]}]},{\"@type\":\"BreadcrumbList\",\"@id\":\"https:\/\/pharos95.hu\/en\/our-history\/#breadcrumb\",\"itemListElement\":[{\"@type\":\"ListItem\",\"position\":1,\"name\":\"Kezd\u0151lap\",\"item\":\"https:\/\/pharos95.hu\/en\/\"},{\"@type\":\"ListItem\",\"position\":2,\"name\":\"Our history\"}]},{\"@type\":\"WebSite\",\"@id\":\"https:\/\/pharos95.hu\/#website\",\"url\":\"https:\/\/pharos95.hu\/\",\"name\":\"Pharos95\",\"description\":\"\u00c9p\u00edt\u0151 ipari kivitelez\u00e9s a min\u0151s\u00e9g \u00e9s a megbizhat\u00f3s\u00e1g jegy\u00e9ben.\",\"potentialAction\":[{\"@type\":\"SearchAction\",\"target\":{\"@type\":\"EntryPoint\",\"urlTemplate\":\"https:\/\/pharos95.hu\/?s={search_term_string}\"},\"query-input\":{\"@type\":\"PropertyValueSpecification\",\"valueRequired\":true,\"valueName\":\"search_term_string\"}}],\"inLanguage\":\"en-US\"}]}<\/script>\n<!-- \/ Yoast SEO plugin. -->","yoast_head_json":{"title":"Our history - Pharos95","description":"Pharos 95 Kft. was established as a family enterprise in October 1995, when our site in Dunavars\u00e1ny was established, and a great journey began.","robots":{"index":"index","follow":"follow","max-snippet":"max-snippet:-1","max-image-preview":"max-image-preview:large","max-video-preview":"max-video-preview:-1"},"canonical":"https:\/\/pharos95.hu\/en\/our-history\/","og_locale":"en_US","og_type":"article","og_title":"Our history","og_description":"Pharos 95 Kft. was established as a family enterprise in October 1995, when our site in Dunavars\u00e1ny was established, and a great journey began.","og_url":"https:\/\/pharos95.hu\/en\/our-history\/","og_site_name":"Pharos95","article_modified_time":"2020-11-26T09:38:24+00:00","og_image":[{"width":1200,"height":630,"url":"https:\/\/pharos95.hu\/wp-content\/uploads\/2020\/08\/facebook.jpg","type":"image\/jpeg"}],"twitter_card":"summary_large_image","twitter_misc":{"Est. reading time":"6 minutes"},"schema":{"@context":"https:\/\/schema.org","@graph":[{"@type":"WebPage","@id":"https:\/\/pharos95.hu\/en\/our-history\/","url":"https:\/\/pharos95.hu\/en\/our-history\/","name":"Our history - Pharos95","isPartOf":{"@id":"https:\/\/pharos95.hu\/#website"},"datePublished":"2020-09-10T06:51:54+00:00","dateModified":"2020-11-26T09:38:24+00:00","description":"Pharos 95 Kft. was established as a family enterprise in October 1995, when our site in Dunavars\u00e1ny was established, and a great journey began.","breadcrumb":{"@id":"https:\/\/pharos95.hu\/en\/our-history\/#breadcrumb"},"inLanguage":"en-US","potentialAction":[{"@type":"ReadAction","target":["https:\/\/pharos95.hu\/en\/our-history\/"]}]},{"@type":"BreadcrumbList","@id":"https:\/\/pharos95.hu\/en\/our-history\/#breadcrumb","itemListElement":[{"@type":"ListItem","position":1,"name":"Kezd\u0151lap","item":"https:\/\/pharos95.hu\/en\/"},{"@type":"ListItem","position":2,"name":"Our history"}]},{"@type":"WebSite","@id":"https:\/\/pharos95.hu\/#website","url":"https:\/\/pharos95.hu\/","name":"Pharos95","description":"\u00c9p\u00edt\u0151 ipari kivitelez\u00e9s a min\u0151s\u00e9g \u00e9s a megbizhat\u00f3s\u00e1g jegy\u00e9ben.","potentialAction":[{"@type":"SearchAction","target":{"@type":"EntryPoint","urlTemplate":"https:\/\/pharos95.hu\/?s={search_term_string}"},"query-input":{"@type":"PropertyValueSpecification","valueRequired":true,"valueName":"search_term_string"}}],"inLanguage":"en-US"}]}},"_links":{"self":[{"href":"https:\/\/pharos95.hu\/en\/wp-json\/wp\/v2\/pages\/1701","targetHints":{"allow":["GET"]}}],"collection":[{"href":"https:\/\/pharos95.hu\/en\/wp-json\/wp\/v2\/pages"}],"about":[{"href":"https:\/\/pharos95.hu\/en\/wp-json\/wp\/v2\/types\/page"}],"author":[{"embeddable":true,"href":"https:\/\/pharos95.hu\/en\/wp-json\/wp\/v2\/users\/1"}],"replies":[{"embeddable":true,"href":"https:\/\/pharos95.hu\/en\/wp-json\/wp\/v2\/comments?post=1701"}],"version-history":[{"count":4,"href":"https:\/\/pharos95.hu\/en\/wp-json\/wp\/v2\/pages\/1701\/revisions"}],"predecessor-version":[{"id":1879,"href":"https:\/\/pharos95.hu\/en\/wp-json\/wp\/v2\/pages\/1701\/revisions\/1879"}],"wp:attachment":[{"href":"https:\/\/pharos95.hu\/en\/wp-json\/wp\/v2\/media?parent=1701"}],"curies":[{"name":"wp","href":"https:\/\/api.w.org\/{rel}","templated":true}]}}